{"id":20067,"date":"2023-05-05T04:44:58","date_gmt":"2023-05-05T04:44:58","guid":{"rendered":"https:\/\/lagenceimmoespagne.com\/?page_id=20067"},"modified":"2023-06-28T01:21:27","modified_gmt":"2023-06-28T01:21:27","slug":"accesibilidad","status":"publish","type":"page","link":"https:\/\/lagenceimmoespagne.com\/fr\/accesibilidad\/","title":{"rendered":"Accessibilit\u00e9"},"content":{"rendered":"<div data-elementor-type=\"wp-page\" data-elementor-id=\"20067\" class=\"elementor elementor-20067\">\n\t\t\t\t\t\t<section class=\"elementor-section elementor-top-section elementor-element elementor-element-cda942b elementor-section-boxed elementor-section-height-default elementor-section-height-default\" data-id=\"cda942b\" data-element_type=\"section\">\n\t\t\t\t\t\t<div class=\"elementor-container elementor-column-gap-default\">\n\t\t\t\t\t<div class=\"elementor-column elementor-col-100 elementor-top-column elementor-element elementor-element-67c22ab\" data-id=\"67c22ab\" data-element_type=\"column\">\n\t\t\t<div class=\"elementor-widget-wrap elementor-element-populated\">\n\t\t\t\t\t\t<div class=\"elementor-element elementor-element-d184a14 elementor-widget elementor-widget-heading\" data-id=\"d184a14\" data-element_type=\"widget\" data-widget_type=\"heading.default\">\n\t\t\t\t<div class=\"elementor-widget-container\">\n\t\t\t\t\t<h1 class=\"elementor-heading-title elementor-size-xxl\">Accessibilit\u00e9<\/h1>\t\t\t\t<\/div>\n\t\t\t\t<\/div>\n\t\t\t\t<div class=\"elementor-element elementor-element-f1acf96 elementor-widget elementor-widget-text-editor\" data-id=\"f1acf96\" data-element_type=\"widget\" data-widget_type=\"text-editor.default\">\n\t\t\t\t<div class=\"elementor-widget-container\">\n\t\t\t\t\t\t\t\t\t<p style=\"text-align: center;\"><span style=\"color: #170e0e; font-size: 14pt;\">www.lagenceimmoespagne.com<\/span><\/p>\t\t\t\t\t\t\t\t<\/div>\n\t\t\t\t<\/div>\n\t\t\t\t<div class=\"elementor-element elementor-element-965fe02 elementor-widget elementor-widget-text-editor\" data-id=\"965fe02\" data-element_type=\"widget\" data-widget_type=\"text-editor.default\">\n\t\t\t\t<div class=\"elementor-widget-container\">\n\t\t\t\t\t\t\t\t\t<p>L&#039;AGENCE s&#039;engage \u00e0 rendre ses sites Internet accessibles conform\u00e9ment au d\u00e9cret royal 1112\/2018 du 7 septembre relatif \u00e0 l&#039;accessibilit\u00e9 des sites Web et des applications pour les appareils mobiles du secteur public (ci-apr\u00e8s, le d\u00e9cret royal 1112\/2018 du 7 septembre).<\/p><p><span style=\"font-size: 12pt;\">Cette d\u00e9claration d&#039;accessibilit\u00e9 s&#039;applique au site Web <a href=\"https:\/\/lagenceimmoespagne.com\/fr\/\">www.lagenceimmoespagne.com<\/a><\/span><\/p>\t\t\t\t\t\t\t\t<\/div>\n\t\t\t\t<\/div>\n\t\t\t\t<div class=\"elementor-element elementor-element-9200cbb elementor-widget elementor-widget-heading\" data-id=\"9200cbb\" data-element_type=\"widget\" data-widget_type=\"heading.default\">\n\t\t\t\t<div class=\"elementor-widget-container\">\n\t\t\t\t\t<h2 class=\"elementor-heading-title elementor-size-default\">Statut de conformit\u00e9<\/h2>\t\t\t\t<\/div>\n\t\t\t\t<\/div>\n\t\t\t\t<div class=\"elementor-element elementor-element-c69eace elementor-widget elementor-widget-text-editor\" data-id=\"c69eace\" data-element_type=\"widget\" data-widget_type=\"text-editor.default\">\n\t\t\t\t<div class=\"elementor-widget-container\">\n\t\t\t\t\t\t\t\t\t<p>Ce site Web est partiellement conforme au d\u00e9cret royal 1112\/2018 du 7 septembre en raison du manque de conformit\u00e9 des aspects indiqu\u00e9s ci-dessous.<\/p>\t\t\t\t\t\t\t\t<\/div>\n\t\t\t\t<\/div>\n\t\t\t\t<div class=\"elementor-element elementor-element-882df3c elementor-widget elementor-widget-heading\" data-id=\"882df3c\" data-element_type=\"widget\" data-widget_type=\"heading.default\">\n\t\t\t\t<div class=\"elementor-widget-container\">\n\t\t\t\t\t<h2 class=\"elementor-heading-title elementor-size-default\">Contenu non accessible<\/h2>\t\t\t\t<\/div>\n\t\t\t\t<\/div>\n\t\t\t\t<div class=\"elementor-element elementor-element-78db65d elementor-widget elementor-widget-text-editor\" data-id=\"78db65d\" data-element_type=\"widget\" data-widget_type=\"text-editor.default\">\n\t\t\t\t<div class=\"elementor-widget-container\">\n\t\t\t\t\t\t\t\t\t<p>Ce site Web est partiellement conforme au d\u00e9cret royal 1112\/2018 du 7 septembre en raison du manque de conformit\u00e9 des aspects indiqu\u00e9s ci-dessous.<\/p><p>Le contenu collect\u00e9 ci-dessous n&#039;est pas accessible pour les raisons suivantes\u00a0:<\/p><p><strong>1. Non-respect du d\u00e9cret royal 1112\/2018 du 7 septembre\u00a0:<\/strong> Il pourrait y avoir des erreurs d&#039;\u00e9dition sp\u00e9cifiques dans certaines pages Web, tant dans le contenu HTML que dans les documents finaux, publi\u00e9s apr\u00e8s le 20 septembre 2018 (date d&#039;entr\u00e9e en vigueur du d\u00e9cret royal 1112\/2018, du 7 septembre). Concr\u00e8tement, il peut y avoir des erreurs dans les documents contenant des graphiques, des tableaux complexes ou dans ceux sign\u00e9s \u00e9lectroniquement avant leur examen d&#039;accessibilit\u00e9.<br \/>2. <strong>Fardeau disproportionn\u00e9<\/strong>: Ne s&#039;applique pas.<br \/>3. Le contenu <strong>ne rel\u00e8ve pas du champ d\u2019application de la l\u00e9gislation applicable<\/strong>: Il existe des fichiers bureautiques au format PDF ou autres formats publi\u00e9s avant le 20 septembre 2018 qui ne respectent pas enti\u00e8rement toutes les exigences d&#039;accessibilit\u00e9 ; Les contenus tiers non financ\u00e9s, d\u00e9velopp\u00e9s ou sous le contr\u00f4le de ce minist\u00e8re peuvent \u00e9galement se trouver dans cette situation.<\/p>\t\t\t\t\t\t\t\t<\/div>\n\t\t\t\t<\/div>\n\t\t\t\t<div class=\"elementor-element elementor-element-6f034da elementor-widget elementor-widget-heading\" data-id=\"6f034da\" data-element_type=\"widget\" data-widget_type=\"heading.default\">\n\t\t\t\t<div class=\"elementor-widget-container\">\n\t\t\t\t\t<h2 class=\"elementor-heading-title elementor-size-default\">Pr\u00e9paration de cette d\u00e9claration d&#039;accessibilit\u00e9<\/h2>\t\t\t\t<\/div>\n\t\t\t\t<\/div>\n\t\t\t\t<div class=\"elementor-element elementor-element-f79d051 elementor-widget elementor-widget-text-editor\" data-id=\"f79d051\" data-element_type=\"widget\" data-widget_type=\"text-editor.default\">\n\t\t\t\t<div class=\"elementor-widget-container\">\n\t\t\t\t\t\t\t\t\t<p>Cette d\u00e9claration a \u00e9t\u00e9 pr\u00e9par\u00e9e le 29 d\u00e9cembre 2022.<br \/>La m\u00e9thode utilis\u00e9e pour \u00e9tablir la d\u00e9claration a \u00e9t\u00e9 une auto-\u00e9valuation r\u00e9alis\u00e9e par notre entreprise.<\/p>\t\t\t\t\t\t\t\t<\/div>\n\t\t\t\t<\/div>\n\t\t\t\t<div class=\"elementor-element elementor-element-d614623 elementor-widget elementor-widget-heading\" data-id=\"d614623\" data-element_type=\"widget\" data-widget_type=\"heading.default\">\n\t\t\t\t<div class=\"elementor-widget-container\">\n\t\t\t\t\t<h2 class=\"elementor-heading-title elementor-size-default\">Observations et coordonn\u00e9es<\/h2>\t\t\t\t<\/div>\n\t\t\t\t<\/div>\n\t\t\t\t<div class=\"elementor-element elementor-element-5188671 elementor-widget elementor-widget-text-editor\" data-id=\"5188671\" data-element_type=\"widget\" data-widget_type=\"text-editor.default\">\n\t\t\t\t<div class=\"elementor-widget-container\">\n\t\t\t\t\t\t\t\t\t<p>Vous pouvez faire des communications sur les exigences d&#039;accessibilit\u00e9 (article 10.2.a) du d\u00e9cret royal 1112\/2018 du 7 septembre), comme par exemple\u00a0:<\/p><p>\u25cf Signalez toute violation \u00e9ventuelle de ce site Web.<br \/>\u25cf Transmettre d&#039;autres difficult\u00e9s d&#039;acc\u00e8s au contenu.<br \/>\u25cf Posez toute autre question ou suggestion d&#039;am\u00e9lioration concernant l&#039;accessibilit\u00e9 du site Web.<br \/>Par les moyens suivants :<br \/>\u25cf E-mail\u00a0: <br \/>\u25cf T\u00e9l\u00e9phones\u00a0: <br \/>Les communications seront re\u00e7ues et trait\u00e9es par le service client de L&#039;AGENCE, en tant qu&#039;unit\u00e9 responsable du contenu de ce site Internet.<br \/>Vous pouvez \u00e9galement demander dans un format accessible des informations qui ne r\u00e9pondent pas aux exigences d&#039;accessibilit\u00e9, soit parce qu&#039;elles sont exclues, soit parce qu&#039;elles sont exempt\u00e9es en raison d&#039;une charge disproportionn\u00e9e\u00a0; ou d\u00e9poser une plainte pour non-respect des exigences en mati\u00e8re d\u2019accessibilit\u00e9. Lien vers le formulaire de contact de l&#039;article 12 du d\u00e9cret royal 1112\/2018 du 7 septembre.<\/p>\t\t\t\t\t\t\t\t<\/div>\n\t\t\t\t<\/div>\n\t\t\t\t<div class=\"elementor-element elementor-element-0532fa3 elementor-widget elementor-widget-heading\" data-id=\"0532fa3\" data-element_type=\"widget\" data-widget_type=\"heading.default\">\n\t\t\t\t<div class=\"elementor-widget-container\">\n\t\t\t\t\t<h2 class=\"elementor-heading-title elementor-size-default\">Proc\u00e9dure de demande<\/h2>\t\t\t\t<\/div>\n\t\t\t\t<\/div>\n\t\t\t\t<div class=\"elementor-element elementor-element-0f044c8 elementor-widget elementor-widget-text-editor\" data-id=\"0f044c8\" data-element_type=\"widget\" data-widget_type=\"text-editor.default\">\n\t\t\t\t<div class=\"elementor-widget-container\">\n\t\t\t\t\t\t\t\t\t<p>Gr\u00e2ce \u00e0 notre formulaire de contact, vous pouvez introduire une r\u00e9clamation pour conna\u00eetre et vous opposer aux raisons du rejet d&#039;une demande d&#039;information accessible ou d&#039;une plainte, demander l&#039;adoption de mesures appropri\u00e9es si vous n&#039;\u00eates pas d&#039;accord avec la d\u00e9cision prise, ou indiquer les raisons pour lesquelles elle est a consid\u00e9r\u00e9 que la r\u00e9ponse ne r\u00e9pondait pas aux exigences requises.<\/p>\t\t\t\t\t\t\t\t<\/div>\n\t\t\t\t<\/div>\n\t\t\t\t<div class=\"elementor-element elementor-element-1581d41 elementor-widget elementor-widget-heading\" data-id=\"1581d41\" data-element_type=\"widget\" data-widget_type=\"heading.default\">\n\t\t\t\t<div class=\"elementor-widget-container\">\n\t\t\t\t\t<h2 class=\"elementor-heading-title elementor-size-default\">Contenu facultatif<\/h2>\t\t\t\t<\/div>\n\t\t\t\t<\/div>\n\t\t\t\t<div class=\"elementor-element elementor-element-87d69fd elementor-widget elementor-widget-text-editor\" data-id=\"87d69fd\" data-element_type=\"widget\" data-widget_type=\"text-editor.default\">\n\t\t\t\t<div class=\"elementor-widget-container\">\n\t\t\t\t\t\t\t\t\t<p>La version actuellement visible de ce site Internet date de janvier 2023 et \u00e0 cette date, la r\u00e9vision du niveau d&#039;accessibilit\u00e9 en vigueur \u00e0 cette \u00e9poque a \u00e9t\u00e9 effectu\u00e9e.<\/p><p>\u00c0 partir de cette date, des contr\u00f4les partiels seront effectu\u00e9s chaque ann\u00e9e sur le contenu Web nouveau ou modifi\u00e9, tant des mod\u00e8les que des pages et documents finaux publi\u00e9s, afin de garantir le respect des exigences d&#039;accessibilit\u00e9 de la norme UNE-EN. :2019, compte tenu des exceptions du d\u00e9cret royal 1112\/2018, du 7 septembre.<\/p><p>Entre autres, les mesures suivantes sont adopt\u00e9es pour faciliter l\u2019accessibilit\u00e9 :<br \/>\u25cf Utilisation de texte alternatif dans les images<br \/>\u25cf Les liens fournissent des d\u00e9tails sur la fonction ou la destination du lien hypertexte<br \/>\u25cf Utilisation des standards W3C : XHTML 1.0, CSS 3.0, WAI AA.<br \/>Vous pouvez v\u00e9rifier sur la page Mentions L\u00e9gales pour quels navigateurs et versions ce site Internet est optimis\u00e9.<\/p>\t\t\t\t\t\t\t\t<\/div>\n\t\t\t\t<\/div>\n\t\t\t\t\t<\/div>\n\t\t<\/div>\n\t\t\t\t\t<\/div>\n\t\t<\/section>\n\t\t\t\t<\/div>","protected":false},"excerpt":{"rendered":"<p>Accesibilidad www.lagenceimmoespagne.com L\u2019AGENCE se ha comprometido a hacer accesibles sus sitios web de conformidad con el Real Decreto 1112\/2018, de 7 de septiembre, sobre accesibilidad de los sitios web y aplicaciones para dispositivos m\u00f3viles del sector p\u00fablico (en adelante, Real Decreto 1112\/2018, de 7 de septiembre). La presente declaraci\u00f3n de accesibilidad se aplica al sitio web www.lagenceimmoespagne.com Situaci\u00f3n de cumplimiento Este sitio web est\u00e1 &#8230;<\/p>","protected":false},"author":2,"featured_media":0,"parent":0,"menu_order":0,"comment_status":"closed","ping_status":"closed","template":"","meta":{"footnotes":""},"class_list":["post-20067","page","type-page","status-publish","hentry"],"yoast_head":"<!-- This site is optimized with the Yoast SEO plugin v26.5 - https:\/\/yoast.com\/wordpress\/plugins\/seo\/ -->\n<title>Accesibilidad - L\u2019AGENCE AGENCE INMOBILIERE<\/title>\n<meta name=\"robots\" content=\"index, follow, max-snippet:-1, max-image-preview:large, max-video-preview:-1\" \/>\n<link rel=\"canonical\" href=\"https:\/\/lagenceimmoespagne.com\/fr\/accesibilidad\/\" \/>\n<meta property=\"og:locale\" content=\"fr_FR\" \/>\n<meta property=\"og:type\" content=\"article\" \/>\n<meta property=\"og:title\" content=\"Accesibilidad - L\u2019AGENCE AGENCE INMOBILIERE\" \/>\n<meta property=\"og:description\" content=\"Accesibilidad www.lagenceimmoespagne.com L\u2019AGENCE se ha comprometido a hacer accesibles sus sitios web de conformidad con el Real Decreto 1112\/2018, de 7 de septiembre, sobre accesibilidad de los sitios web y aplicaciones para dispositivos m\u00f3viles del sector p\u00fablico (en adelante, Real Decreto 1112\/2018, de 7 de septiembre). La presente declaraci\u00f3n de accesibilidad se aplica al sitio web www.lagenceimmoespagne.com Situaci\u00f3n de cumplimiento Este sitio web est\u00e1 ...\" \/>\n<meta property=\"og:url\" content=\"https:\/\/lagenceimmoespagne.com\/fr\/accesibilidad\/\" \/>\n<meta property=\"og:site_name\" content=\"L\u2019AGENCE AGENCE INMOBILIERE\" \/>\n<meta property=\"article:modified_time\" content=\"2023-06-28T01:21:27+00:00\" \/>\n<meta name=\"twitter:card\" content=\"summary_large_image\" \/>\n<meta name=\"twitter:label1\" content=\"Dur\u00e9e de lecture estim\u00e9e\" \/>\n\t<meta name=\"twitter:data1\" content=\"3 minutes\" \/>\n<script type=\"application\/ld+json\" class=\"yoast-schema-graph\">{\"@context\":\"https:\/\/schema.org\",\"@graph\":[{\"@type\":\"WebPage\",\"@id\":\"https:\/\/lagenceimmoespagne.com\/accesibilidad\/\",\"url\":\"https:\/\/lagenceimmoespagne.com\/accesibilidad\/\",\"name\":\"Accesibilidad - L\u2019AGENCE AGENCE INMOBILIERE\",\"isPartOf\":{\"@id\":\"https:\/\/lagenceimmoespagne.com\/#website\"},\"datePublished\":\"2023-05-05T04:44:58+00:00\",\"dateModified\":\"2023-06-28T01:21:27+00:00\",\"breadcrumb\":{\"@id\":\"https:\/\/lagenceimmoespagne.com\/accesibilidad\/#breadcrumb\"},\"inLanguage\":\"fr-FR\",\"potentialAction\":[{\"@type\":\"ReadAction\",\"target\":[\"https:\/\/lagenceimmoespagne.com\/accesibilidad\/\"]}]},{\"@type\":\"BreadcrumbList\",\"@id\":\"https:\/\/lagenceimmoespagne.com\/accesibilidad\/#breadcrumb\",\"itemListElement\":[{\"@type\":\"ListItem\",\"position\":1,\"name\":\"Portada\",\"item\":\"https:\/\/lagenceimmoespagne.com\/\"},{\"@type\":\"ListItem\",\"position\":2,\"name\":\"Accesibilidad\"}]},{\"@type\":\"WebSite\",\"@id\":\"https:\/\/lagenceimmoespagne.com\/#website\",\"url\":\"https:\/\/lagenceimmoespagne.com\/\",\"name\":\"L\u2019AGENCE AGENCE INMOBILIERE\",\"description\":\"\",\"potentialAction\":[{\"@type\":\"SearchAction\",\"target\":{\"@type\":\"EntryPoint\",\"urlTemplate\":\"https:\/\/lagenceimmoespagne.com\/?s={search_term_string}\"},\"query-input\":{\"@type\":\"PropertyValueSpecification\",\"valueRequired\":true,\"valueName\":\"search_term_string\"}}],\"inLanguage\":\"fr-FR\"}]}<\/script>\n<!-- \/ Yoast SEO plugin. -->","yoast_head_json":{"title":"Accesibilidad - L\u2019AGENCE AGENCE INMOBILIERE","robots":{"index":"index","follow":"follow","max-snippet":"max-snippet:-1","max-image-preview":"max-image-preview:large","max-video-preview":"max-video-preview:-1"},"canonical":"https:\/\/lagenceimmoespagne.com\/fr\/accesibilidad\/","og_locale":"fr_FR","og_type":"article","og_title":"Accesibilidad - L\u2019AGENCE AGENCE INMOBILIERE","og_description":"Accesibilidad www.lagenceimmoespagne.com L\u2019AGENCE se ha comprometido a hacer accesibles sus sitios web de conformidad con el Real Decreto 1112\/2018, de 7 de septiembre, sobre accesibilidad de los sitios web y aplicaciones para dispositivos m\u00f3viles del sector p\u00fablico (en adelante, Real Decreto 1112\/2018, de 7 de septiembre). La presente declaraci\u00f3n de accesibilidad se aplica al sitio web www.lagenceimmoespagne.com Situaci\u00f3n de cumplimiento Este sitio web est\u00e1 ...","og_url":"https:\/\/lagenceimmoespagne.com\/fr\/accesibilidad\/","og_site_name":"L\u2019AGENCE AGENCE INMOBILIERE","article_modified_time":"2023-06-28T01:21:27+00:00","twitter_card":"summary_large_image","twitter_misc":{"Dur\u00e9e de lecture estim\u00e9e":"3 minutes"},"schema":{"@context":"https:\/\/schema.org","@graph":[{"@type":"WebPage","@id":"https:\/\/lagenceimmoespagne.com\/accesibilidad\/","url":"https:\/\/lagenceimmoespagne.com\/accesibilidad\/","name":"Accesibilidad - L\u2019AGENCE AGENCE INMOBILIERE","isPartOf":{"@id":"https:\/\/lagenceimmoespagne.com\/#website"},"datePublished":"2023-05-05T04:44:58+00:00","dateModified":"2023-06-28T01:21:27+00:00","breadcrumb":{"@id":"https:\/\/lagenceimmoespagne.com\/accesibilidad\/#breadcrumb"},"inLanguage":"fr-FR","potentialAction":[{"@type":"ReadAction","target":["https:\/\/lagenceimmoespagne.com\/accesibilidad\/"]}]},{"@type":"BreadcrumbList","@id":"https:\/\/lagenceimmoespagne.com\/accesibilidad\/#breadcrumb","itemListElement":[{"@type":"ListItem","position":1,"name":"Portada","item":"https:\/\/lagenceimmoespagne.com\/"},{"@type":"ListItem","position":2,"name":"Accesibilidad"}]},{"@type":"WebSite","@id":"https:\/\/lagenceimmoespagne.com\/#website","url":"https:\/\/lagenceimmoespagne.com\/","name":"L\u2019AGENCE AGENCE INMOBILIERE","description":"","potentialAction":[{"@type":"SearchAction","target":{"@type":"EntryPoint","urlTemplate":"https:\/\/lagenceimmoespagne.com\/?s={search_term_string}"},"query-input":{"@type":"PropertyValueSpecification","valueRequired":true,"valueName":"search_term_string"}}],"inLanguage":"fr-FR"}]}},"_links":{"self":[{"href":"https:\/\/lagenceimmoespagne.com\/fr\/wp-json\/wp\/v2\/pages\/20067","targetHints":{"allow":["GET"]}}],"collection":[{"href":"https:\/\/lagenceimmoespagne.com\/fr\/wp-json\/wp\/v2\/pages"}],"about":[{"href":"https:\/\/lagenceimmoespagne.com\/fr\/wp-json\/wp\/v2\/types\/page"}],"author":[{"embeddable":true,"href":"https:\/\/lagenceimmoespagne.com\/fr\/wp-json\/wp\/v2\/users\/2"}],"replies":[{"embeddable":true,"href":"https:\/\/lagenceimmoespagne.com\/fr\/wp-json\/wp\/v2\/comments?post=20067"}],"version-history":[{"count":0,"href":"https:\/\/lagenceimmoespagne.com\/fr\/wp-json\/wp\/v2\/pages\/20067\/revisions"}],"wp:attachment":[{"href":"https:\/\/lagenceimmoespagne.com\/fr\/wp-json\/wp\/v2\/media?parent=20067"}],"curies":[{"name":"wp","href":"https:\/\/api.w.org\/{rel}","templated":true}]}}