{"id":20065,"date":"2023-05-05T04:44:25","date_gmt":"2023-05-05T04:44:25","guid":{"rendered":"https:\/\/lagenceimmoespagne.com\/?page_id=20065"},"modified":"2023-07-14T11:55:41","modified_gmt":"2023-07-14T11:55:41","slug":"politica-de-cookies","status":"publish","type":"page","link":"https:\/\/lagenceimmoespagne.com\/fr\/politica-de-cookies\/","title":{"rendered":"Politique de cookies"},"content":{"rendered":"<div data-elementor-type=\"wp-page\" data-elementor-id=\"20065\" class=\"elementor elementor-20065\">\n\t\t\t\t\t\t<section class=\"elementor-section elementor-top-section elementor-element elementor-element-cb80e0d elementor-section-boxed elementor-section-height-default elementor-section-height-default\" data-id=\"cb80e0d\" data-element_type=\"section\">\n\t\t\t\t\t\t<div class=\"elementor-container elementor-column-gap-default\">\n\t\t\t\t\t<div class=\"elementor-column elementor-col-100 elementor-top-column elementor-element elementor-element-7bd2ebd\" data-id=\"7bd2ebd\" data-element_type=\"column\">\n\t\t\t<div class=\"elementor-widget-wrap elementor-element-populated\">\n\t\t\t\t\t\t<div class=\"elementor-element elementor-element-0d2ef79 elementor-widget elementor-widget-heading\" data-id=\"0d2ef79\" data-element_type=\"widget\" data-widget_type=\"heading.default\">\n\t\t\t\t<div class=\"elementor-widget-container\">\n\t\t\t\t\t<h1 class=\"elementor-heading-title elementor-size-xxl\">Politique de cookies<\/h1>\t\t\t\t<\/div>\n\t\t\t\t<\/div>\n\t\t\t\t<div class=\"elementor-element elementor-element-6857f83 elementor-widget elementor-widget-text-editor\" data-id=\"6857f83\" data-element_type=\"widget\" data-widget_type=\"text-editor.default\">\n\t\t\t\t<div class=\"elementor-widget-container\">\n\t\t\t\t\t\t\t\t\t<p style=\"text-align: center;\"><span style=\"font-size: 14pt; color: #170e0e;\">www.lagenceimmoespagne.com<\/span><\/p>\t\t\t\t\t\t\t\t<\/div>\n\t\t\t\t<\/div>\n\t\t\t\t<div class=\"elementor-element elementor-element-679ee18 elementor-widget elementor-widget-text-editor\" data-id=\"679ee18\" data-element_type=\"widget\" data-widget_type=\"text-editor.default\">\n\t\t\t\t<div class=\"elementor-widget-container\">\n\t\t\t\t\t\t\t\t\t<div class=\"elementor-element elementor-element-679ee18 elementor-widget elementor-widget-text-editor\" data-id=\"679ee18\" data-element_type=\"widget\" data-widget_type=\"text-editor.default\"><div class=\"elementor-widget-container\"><h2><b>1. D\u00e9finition et fonction des cookies<\/b><\/h2><p>Que sont les cookies ? Un cookie est un fichier t\u00e9l\u00e9charg\u00e9 sur votre ordinateur lorsque vous acc\u00e9dez \u00e0 certaines pages Web. Les cookies permettent, entre autres, \u00e0 un site Web de stocker et de r\u00e9cup\u00e9rer des informations sur les habitudes de navigation d&#039;un utilisateur ou de son \u00e9quipement et, en fonction des informations qu&#039;ils contiennent et de la mani\u00e8re dont vous utilisez votre \u00e9quipement, ils peuvent \u00eatre utilis\u00e9s pour reconna\u00eetre l&#039;utilisateur.<\/p><h2><b>2. Quels types de cookies ce site Web utilise-t-il ?<\/b><\/h2><p>Cookies propres : ce sont ceux qui sont envoy\u00e9s \u00e0 l&#039;\u00e9quipement terminal de l&#039;utilisateur \u00e0 partir d&#039;un ordinateur ou d&#039;un domaine g\u00e9r\u00e9 par l&#039;\u00e9diteur lui-m\u00eame et \u00e0 partir duquel est fourni le service demand\u00e9 par l&#039;utilisateur.<\/p><p>Cookies de session\u00a0: il s&#039;agit d&#039;un type de cookies con\u00e7us pour collecter et stocker des donn\u00e9es lorsque l&#039;utilisateur acc\u00e8de \u00e0 une page Web.<\/p><p>Cookies persistants : Il s&#039;agit d&#039;un type de cookies dans lesquels les donn\u00e9es continuent \u00e0 \u00eatre stock\u00e9es dans le terminal et peuvent \u00eatre consult\u00e9es et trait\u00e9es pendant une p\u00e9riode d\u00e9finie par le responsable du cookie, qui peut aller de quelques minutes \u00e0 plusieurs ann\u00e9es.<\/p><p>Cookies d&#039;analyse\u00a0: ce sont ceux qui, bien trait\u00e9s par nous ou par des tiers, nous permettent de quantifier le nombre d&#039;utilisateurs et ainsi d&#039;effectuer la mesure et l&#039;analyse statistique de l&#039;utilisation faite par les utilisateurs du service propos\u00e9.<\/p><h2><b>3. R\u00e9vocation et suppression des cookies<\/b><\/h2><p>Vous pouvez autoriser, bloquer ou supprimer les cookies install\u00e9s sur votre ordinateur en configurant les options du navigateur install\u00e9 sur votre ordinateur. Si vous n&#039;autorisez pas l&#039;installation de cookies sur votre navigateur, vous ne pourrez peut-\u00eatre pas acc\u00e9der \u00e0 certaines sections de notre la toile.<\/p><ul><li>Plus d&#039;informations sur la gestion des cookies sur<a href=\"https:\/\/support.google.com\/chrome\/answer\/95647?co=GENIE.Platform%3DDesktop&amp;hl=es\">\u00a0Google Chrome<\/a><\/li><li>Plus d&#039;informations sur la gestion des cookies sur<a href=\"https:\/\/support.microsoft.com\/es-es\/help\/17442\/windows-internet-explorer-delete-manage-cookies\">\u00a0Internet Explorer<\/a><\/li><li>Plus d&#039;informations sur la gestion des cookies sur<a href=\"https:\/\/support.mozilla.org\/es\/kb\/cookies-informacion-que-los-sitios-web-guardan-en-\">\u00a0Mozilla Firefox<\/a><\/li><li>Plus d&#039;informations sur la gestion des cookies sur<a href=\"https:\/\/support.apple.com\/es-es\/guide\/safari\/sfri11471\/mac\">\u00a0Safari<\/a><\/li><li>Plus d&#039;informations sur la gestion des cookies sur<a href=\"https:\/\/help.opera.com\/en\/latest\/web-preferences\/\">\u00a0Op\u00e9ra<\/a><\/li><\/ul><h2><b>4. Consentement<\/b><\/h2><p>En naviguant et en poursuivant sur notre site Internet, vous indiquez que vous consentez \u00e0 l&#039;utilisation des cookies d\u00e9finis dans la section suivante et aux conditions contenues dans la pr\u00e9sente Politique de Cookies.<\/p><h2><b>5. Liste des cookies<\/b><\/h2><\/div><\/div>\t\t\t\t\t\t\t\t<\/div>\n\t\t\t\t<\/div>\n\t\t\t\t<div class=\"elementor-element elementor-element-d17c500 elementor-widget elementor-widget-text-editor\" data-id=\"d17c500\" data-element_type=\"widget\" data-widget_type=\"text-editor.default\">\n\t\t\t\t<div class=\"elementor-widget-container\">\n\t\t\t\t\t\t\t\t\t<table width=\"100%\"><tbody><tr><td width=\"132\"><strong>nom<\/strong><\/td><td width=\"198\"><strong>But<\/strong><\/td><td width=\"85\"><strong>Propre \/ Tiers<\/strong><\/td><td width=\"312\"><strong>Exclus \/ Non Exclus (du devoir d&#039;information et de consentement)<\/strong><\/td><\/tr><tr><td width=\"132\">__utma<\/td><td width=\"198\">Cookies utilis\u00e9s par Google Analytics pour stocker des donn\u00e9es statistiques. <a href=\"https:\/\/developers.google.com\/analytics\/devguides\/collection\/analyticsjs\/cookie-usage?hl=es#gajs\" data-et-has-event-already=\"true\">Plus d&#039;informations<\/a><\/td><td width=\"85\">Tiers Google Inc.<\/td><td width=\"312\">Non exclu<\/td><\/tr><tr><td width=\"132\">__utmb<\/td><td width=\"198\">Cookies utilis\u00e9s par Google Analytics pour stocker des donn\u00e9es statistiques. <a href=\"https:\/\/developers.google.com\/analytics\/devguides\/collection\/analyticsjs\/cookie-usage?hl=es#gajs\" data-et-has-event-already=\"true\">Plus d&#039;informations<\/a><\/td><td width=\"85\">Tiers Google Inc.<\/td><td width=\"312\">Non exclu<\/td><\/tr><tr><td width=\"132\">__utmc<\/td><td width=\"198\">Cookies utilis\u00e9s par Google Analytics pour stocker des donn\u00e9es statistiques. <a href=\"https:\/\/developers.google.com\/analytics\/devguides\/collection\/analyticsjs\/cookie-usage?hl=es#gajs\" data-et-has-event-already=\"true\">Plus d&#039;informations<\/a><\/td><td width=\"85\">Tiers Google Inc.<\/td><td width=\"312\">Non exclu<\/td><\/tr><tr><td width=\"132\">__utmt<\/td><td width=\"198\">Cookies utilis\u00e9s par Google Analytics pour stocker des donn\u00e9es statistiques. <a href=\"https:\/\/developers.google.com\/analytics\/devguides\/collection\/analyticsjs\/cookie-usage?hl=es#gajs\" data-et-has-event-already=\"true\">Plus d&#039;informations<\/a><\/td><td width=\"85\">Tiers Google Inc.<\/td><td width=\"312\">Non exclu<\/td><\/tr><tr><td width=\"132\">__utmz<\/td><td width=\"198\">Cookies utilis\u00e9s par Google Analytics pour stocker des donn\u00e9es statistiques. <a href=\"https:\/\/developers.google.com\/analytics\/devguides\/collection\/analyticsjs\/cookie-usage?hl=es#gajs\" data-et-has-event-already=\"true\">Plus d&#039;informations<\/a><\/td><td width=\"85\">Tiers Google Inc.<\/td><td width=\"312\">Non exclu<\/td><\/tr><tr><td width=\"132\">Cookie_notice_accepted<\/td><td width=\"198\">Ce cookie se souvient si le message d&#039;avertissement de cookie a \u00e9t\u00e9 accept\u00e9 et cesse de l&#039;afficher tant qu&#039;il est actif.<\/td><td width=\"85\">Propre<\/td><td width=\"312\">N\u00e9cessaire<\/td><\/tr><tr><td width=\"132\">et-sauv\u00e9-post-241-fb<\/td><td width=\"198\">Cookies que Facebook utilise pour stocker des donn\u00e9es statistiques. <a href=\"https:\/\/developers.google.com\/analytics\/devguides\/collection\/analyticsjs\/cookie-usage?hl=es#gajs\" data-et-has-event-already=\"true\">Plus d&#039;informations<\/a><\/td><td width=\"85\">Facebook<\/td><td width=\"312\">Non exclu<\/td><\/tr><tr><td width=\"132\">woocommerce_cart_hash<\/td><td width=\"198\">Aide WooCommerce \u00e0 d\u00e9terminer quand le contenu\/les donn\u00e9es du panier changent.<\/td><td width=\"85\">Session<\/td><td width=\"312\">N\u00e9cessaire<\/td><\/tr><tr><td width=\"132\">woocommerce_items_in_cart<\/td><td width=\"198\">Aide WooCommerce \u00e0 d\u00e9terminer quand le contenu\/les donn\u00e9es du panier changent.<\/td><td width=\"85\">Session<\/td><td width=\"312\">N\u00e9cessaire<\/td><\/tr><tr><td width=\"132\">wp_woocommerce_session_<\/td><td width=\"198\">Il contient un code unique pour chaque client afin que vous sachiez o\u00f9 trouver les donn\u00e9es du panier dans la base de donn\u00e9es pour chaque client.<\/td><td width=\"85\">Session<\/td><td width=\"312\">N\u00e9cessaire<\/td><\/tr><tr><td width=\"132\">woocommerce_recently_viewed<\/td><td width=\"198\">Nourrir le widget <a href=\"https:\/\/docs.woocommerce.com\/document\/woocommerce-widgets\/\"><strong>Produits consult\u00e9s r\u00e9cemment<\/strong><\/a> .<\/td><td width=\"85\">Session<\/td><td width=\"312\">N\u00e9cessaire<\/td><\/tr><tr><td width=\"132\">store_notice[identifiant de la notification]<\/td><td width=\"198\">Permet aux clients de jeter le <a href=\"https:\/\/docs.woocommerce.com\/document\/woocommerce-customizer\/#section-2\" data-et-has-event-already=\"true\"><strong>avis de<\/strong><\/a> la <a href=\"https:\/\/docs.woocommerce.com\/document\/woocommerce-customizer\/#section-2\" data-et-has-event-already=\"true\"><strong>boutique<\/strong><\/a><\/td><td width=\"85\">Session<\/td><td width=\"312\">N\u00e9cessaire<\/td><\/tr><tr><td width=\"132\">\u00a0<\/td><td width=\"198\">\u00a0<\/td><td width=\"85\">\u00a0<\/td><td width=\"312\">\u00a0<\/td><\/tr><tr><td width=\"132\">\u00a0<\/td><td width=\"198\">\u00a0<\/td><td width=\"85\">\u00a0<\/td><td width=\"312\">\u00a0<\/td><\/tr><tr><td width=\"132\">\u00a0<\/td><td width=\"198\">\u00a0<\/td><td width=\"85\">\u00a0<\/td><td width=\"312\">\u00a0<\/td><\/tr><\/tbody><\/table><p>\u00a0<\/p>\t\t\t\t\t\t\t\t<\/div>\n\t\t\t\t<\/div>\n\t\t\t\t\t<\/div>\n\t\t<\/div>\n\t\t\t\t\t<\/div>\n\t\t<\/section>\n\t\t\t\t<\/div>","protected":false},"excerpt":{"rendered":"<p>Pol\u00edtica de cookies www.lagenceimmoespagne.com 1. Definici\u00f3n y funci\u00f3n de las cookies \u00bfQu\u00e9 son las cookies? Una cookie es un fichero que se descarga en su ordenador al acceder a determinadas p\u00e1ginas web. Las cookies permiten a una p\u00e1gina web, entre otras cosas, almacenar y recuperar informaci\u00f3n sobre los h\u00e1bitos de navegaci\u00f3n de un usuario o de su equipo y, dependiendo de la informaci\u00f3n que &#8230;<\/p>","protected":false},"author":2,"featured_media":0,"parent":0,"menu_order":0,"comment_status":"closed","ping_status":"closed","template":"","meta":{"footnotes":""},"class_list":["post-20065","page","type-page","status-publish","hentry"],"yoast_head":"<!-- This site is optimized with the Yoast SEO plugin v26.5 - https:\/\/yoast.com\/wordpress\/plugins\/seo\/ -->\n<title>Pol\u00edtica de cookies - L\u2019AGENCE AGENCE INMOBILIERE<\/title>\n<meta name=\"robots\" content=\"index, follow, max-snippet:-1, max-image-preview:large, max-video-preview:-1\" \/>\n<link rel=\"canonical\" href=\"https:\/\/lagenceimmoespagne.com\/fr\/politica-de-cookies\/\" \/>\n<meta property=\"og:locale\" content=\"fr_FR\" \/>\n<meta property=\"og:type\" content=\"article\" \/>\n<meta property=\"og:title\" content=\"Pol\u00edtica de cookies - L\u2019AGENCE AGENCE INMOBILIERE\" \/>\n<meta property=\"og:description\" content=\"Pol\u00edtica de cookies www.lagenceimmoespagne.com 1. Definici\u00f3n y funci\u00f3n de las cookies \u00bfQu\u00e9 son las cookies? Una cookie es un fichero que se descarga en su ordenador al acceder a determinadas p\u00e1ginas web. Las cookies permiten a una p\u00e1gina web, entre otras cosas, almacenar y recuperar informaci\u00f3n sobre los h\u00e1bitos de navegaci\u00f3n de un usuario o de su equipo y, dependiendo de la informaci\u00f3n que ...\" \/>\n<meta property=\"og:url\" content=\"https:\/\/lagenceimmoespagne.com\/fr\/politica-de-cookies\/\" \/>\n<meta property=\"og:site_name\" content=\"L\u2019AGENCE AGENCE INMOBILIERE\" \/>\n<meta property=\"article:modified_time\" content=\"2023-07-14T11:55:41+00:00\" \/>\n<meta name=\"twitter:card\" content=\"summary_large_image\" \/>\n<meta name=\"twitter:label1\" content=\"Dur\u00e9e de lecture estim\u00e9e\" \/>\n\t<meta name=\"twitter:data1\" content=\"3 minutes\" \/>\n<script type=\"application\/ld+json\" class=\"yoast-schema-graph\">{\"@context\":\"https:\/\/schema.org\",\"@graph\":[{\"@type\":\"WebPage\",\"@id\":\"https:\/\/lagenceimmoespagne.com\/politica-de-cookies\/\",\"url\":\"https:\/\/lagenceimmoespagne.com\/politica-de-cookies\/\",\"name\":\"Pol\u00edtica de cookies - L\u2019AGENCE AGENCE INMOBILIERE\",\"isPartOf\":{\"@id\":\"https:\/\/lagenceimmoespagne.com\/#website\"},\"datePublished\":\"2023-05-05T04:44:25+00:00\",\"dateModified\":\"2023-07-14T11:55:41+00:00\",\"breadcrumb\":{\"@id\":\"https:\/\/lagenceimmoespagne.com\/politica-de-cookies\/#breadcrumb\"},\"inLanguage\":\"fr-FR\",\"potentialAction\":[{\"@type\":\"ReadAction\",\"target\":[\"https:\/\/lagenceimmoespagne.com\/politica-de-cookies\/\"]}]},{\"@type\":\"BreadcrumbList\",\"@id\":\"https:\/\/lagenceimmoespagne.com\/politica-de-cookies\/#breadcrumb\",\"itemListElement\":[{\"@type\":\"ListItem\",\"position\":1,\"name\":\"Portada\",\"item\":\"https:\/\/lagenceimmoespagne.com\/\"},{\"@type\":\"ListItem\",\"position\":2,\"name\":\"Pol\u00edtica de cookies\"}]},{\"@type\":\"WebSite\",\"@id\":\"https:\/\/lagenceimmoespagne.com\/#website\",\"url\":\"https:\/\/lagenceimmoespagne.com\/\",\"name\":\"L\u2019AGENCE AGENCE INMOBILIERE\",\"description\":\"\",\"potentialAction\":[{\"@type\":\"SearchAction\",\"target\":{\"@type\":\"EntryPoint\",\"urlTemplate\":\"https:\/\/lagenceimmoespagne.com\/?s={search_term_string}\"},\"query-input\":{\"@type\":\"PropertyValueSpecification\",\"valueRequired\":true,\"valueName\":\"search_term_string\"}}],\"inLanguage\":\"fr-FR\"}]}<\/script>\n<!-- \/ Yoast SEO plugin. -->","yoast_head_json":{"title":"Pol\u00edtica de cookies - L\u2019AGENCE AGENCE INMOBILIERE","robots":{"index":"index","follow":"follow","max-snippet":"max-snippet:-1","max-image-preview":"max-image-preview:large","max-video-preview":"max-video-preview:-1"},"canonical":"https:\/\/lagenceimmoespagne.com\/fr\/politica-de-cookies\/","og_locale":"fr_FR","og_type":"article","og_title":"Pol\u00edtica de cookies - L\u2019AGENCE AGENCE INMOBILIERE","og_description":"Pol\u00edtica de cookies www.lagenceimmoespagne.com 1. Definici\u00f3n y funci\u00f3n de las cookies \u00bfQu\u00e9 son las cookies? Una cookie es un fichero que se descarga en su ordenador al acceder a determinadas p\u00e1ginas web. Las cookies permiten a una p\u00e1gina web, entre otras cosas, almacenar y recuperar informaci\u00f3n sobre los h\u00e1bitos de navegaci\u00f3n de un usuario o de su equipo y, dependiendo de la informaci\u00f3n que ...","og_url":"https:\/\/lagenceimmoespagne.com\/fr\/politica-de-cookies\/","og_site_name":"L\u2019AGENCE AGENCE INMOBILIERE","article_modified_time":"2023-07-14T11:55:41+00:00","twitter_card":"summary_large_image","twitter_misc":{"Dur\u00e9e de lecture estim\u00e9e":"3 minutes"},"schema":{"@context":"https:\/\/schema.org","@graph":[{"@type":"WebPage","@id":"https:\/\/lagenceimmoespagne.com\/politica-de-cookies\/","url":"https:\/\/lagenceimmoespagne.com\/politica-de-cookies\/","name":"Pol\u00edtica de cookies - L\u2019AGENCE AGENCE INMOBILIERE","isPartOf":{"@id":"https:\/\/lagenceimmoespagne.com\/#website"},"datePublished":"2023-05-05T04:44:25+00:00","dateModified":"2023-07-14T11:55:41+00:00","breadcrumb":{"@id":"https:\/\/lagenceimmoespagne.com\/politica-de-cookies\/#breadcrumb"},"inLanguage":"fr-FR","potentialAction":[{"@type":"ReadAction","target":["https:\/\/lagenceimmoespagne.com\/politica-de-cookies\/"]}]},{"@type":"BreadcrumbList","@id":"https:\/\/lagenceimmoespagne.com\/politica-de-cookies\/#breadcrumb","itemListElement":[{"@type":"ListItem","position":1,"name":"Portada","item":"https:\/\/lagenceimmoespagne.com\/"},{"@type":"ListItem","position":2,"name":"Pol\u00edtica de cookies"}]},{"@type":"WebSite","@id":"https:\/\/lagenceimmoespagne.com\/#website","url":"https:\/\/lagenceimmoespagne.com\/","name":"L\u2019AGENCE AGENCE INMOBILIERE","description":"","potentialAction":[{"@type":"SearchAction","target":{"@type":"EntryPoint","urlTemplate":"https:\/\/lagenceimmoespagne.com\/?s={search_term_string}"},"query-input":{"@type":"PropertyValueSpecification","valueRequired":true,"valueName":"search_term_string"}}],"inLanguage":"fr-FR"}]}},"_links":{"self":[{"href":"https:\/\/lagenceimmoespagne.com\/fr\/wp-json\/wp\/v2\/pages\/20065","targetHints":{"allow":["GET"]}}],"collection":[{"href":"https:\/\/lagenceimmoespagne.com\/fr\/wp-json\/wp\/v2\/pages"}],"about":[{"href":"https:\/\/lagenceimmoespagne.com\/fr\/wp-json\/wp\/v2\/types\/page"}],"author":[{"embeddable":true,"href":"https:\/\/lagenceimmoespagne.com\/fr\/wp-json\/wp\/v2\/users\/2"}],"replies":[{"embeddable":true,"href":"https:\/\/lagenceimmoespagne.com\/fr\/wp-json\/wp\/v2\/comments?post=20065"}],"version-history":[{"count":0,"href":"https:\/\/lagenceimmoespagne.com\/fr\/wp-json\/wp\/v2\/pages\/20065\/revisions"}],"wp:attachment":[{"href":"https:\/\/lagenceimmoespagne.com\/fr\/wp-json\/wp\/v2\/media?parent=20065"}],"curies":[{"name":"wp","href":"https:\/\/api.w.org\/{rel}","templated":true}]}}