{"id":19950,"date":"2023-05-04T06:18:17","date_gmt":"2023-05-04T06:18:17","guid":{"rendered":"https:\/\/lagenceimmoespagne.com\/?page_id=19950"},"modified":"2025-02-06T11:21:24","modified_gmt":"2025-02-06T11:21:24","slug":"quien-somos","status":"publish","type":"page","link":"https:\/\/lagenceimmoespagne.com\/fr\/quien-somos\/","title":{"rendered":"Qui sommes-nous"},"content":{"rendered":"<div data-elementor-type=\"wp-page\" data-elementor-id=\"19950\" class=\"elementor elementor-19950\">\n\t\t\t\t\t\t<section class=\"elementor-section elementor-top-section elementor-element elementor-element-e5ecb06 elementor-section-boxed elementor-section-height-default elementor-section-height-default\" data-id=\"e5ecb06\" data-element_type=\"section\">\n\t\t\t\t\t\t<div class=\"elementor-container elementor-column-gap-default\">\n\t\t\t\t\t<div class=\"elementor-column elementor-col-100 elementor-top-column elementor-element elementor-element-a5da509\" data-id=\"a5da509\" data-element_type=\"column\">\n\t\t\t<div class=\"elementor-widget-wrap elementor-element-populated\">\n\t\t\t\t\t\t<div class=\"elementor-element elementor-element-856b2b3 elementor-widget elementor-widget-heading\" data-id=\"856b2b3\" data-element_type=\"widget\" data-widget_type=\"heading.default\">\n\t\t\t\t<div class=\"elementor-widget-container\">\n\t\t\t\t\t<h1 class=\"elementor-heading-title elementor-size-default\">QUI SOMMES NOUS<\/h1>\t\t\t\t<\/div>\n\t\t\t\t<\/div>\n\t\t\t\t\t<\/div>\n\t\t<\/div>\n\t\t\t\t\t<\/div>\n\t\t<\/section>\n\t\t<div class=\"elementor-element elementor-element-ae8a755 e-flex e-con-boxed e-con e-parent\" data-id=\"ae8a755\" data-element_type=\"container\" data-settings=\"{&quot;background_background&quot;:&quot;classic&quot;}\">\n\t\t\t\t\t<div class=\"e-con-inner\">\n\t\t<div class=\"elementor-element elementor-element-9cb800d e-con-full e-flex e-con e-child\" data-id=\"9cb800d\" data-element_type=\"container\">\n\t\t\t\t<div class=\"elementor-element elementor-element-d10c64f elementor-widget elementor-widget-heading\" data-id=\"d10c64f\" data-element_type=\"widget\" data-widget_type=\"heading.default\">\n\t\t\t\t<div class=\"elementor-widget-container\">\n\t\t\t\t\t<h2 class=\"elementor-heading-title elementor-size-default\">L&#039;AGENCE : LA SOCI\u00c9T\u00c9 IMMOBILI\u00c8RE FRANCOPHONE EN ESPAGNE<\/h2>\t\t\t\t<\/div>\n\t\t\t\t<\/div>\n\t\t\t\t<div class=\"elementor-element elementor-element-a697a49 content-we-primary elementor-widget elementor-widget-text-editor\" data-id=\"a697a49\" data-element_type=\"widget\" data-widget_type=\"text-editor.default\">\n\t\t\t\t<div class=\"elementor-widget-container\">\n\t\t\t\t\t\t\t\t\t<div style=\"line-height: 20px;\"><p>\u00a0<\/p><p><span style=\"color: #222222;\">Somos un equipo humano compuesto por S\u00e9verine, Val\u00e9rie (francesa y belga expatriadas a Espa\u00f1a) y\u00a0 Dounia , cualificadas y dispuestas a ofrecer a nuestros clientes un servicio excelente, en su idioma :\u00a0 hablamos franc\u00e9s, castellano e ingl\u00e9s.<\/span><\/p><p><span style=\"color: #222222;\">\u00a0<\/span><\/p><p><span style=\"color: #222222;\">Nuestra agencia est\u00e1 registrada en Espa\u00f1a con n\u00famero de API\u00a0 A11221 y AICAT 6833<\/span><\/p><p><span style=\"color: #222222;\">\u00a0<\/span><\/p><p><span style=\"color: #222222;\"><strong>Nos valeurs:<\/strong>\u00a0 Passion, Rigueur, Professionnalisme, Vision.<\/span><\/p><p><span style=\"color: #222222;\">\u00a0<\/span><\/p><p><span style=\"color: #222222;\"><strong>Notre leitmotiv :<\/strong> L&#039;excellence<\/span><\/p><\/div>\t\t\t\t\t\t\t\t<\/div>\n\t\t\t\t<\/div>\n\t\t\t\t<div class=\"elementor-element elementor-element-c21e1f6 elementor-widget elementor-widget-image\" data-id=\"c21e1f6\" data-element_type=\"widget\" data-widget_type=\"image.default\">\n\t\t\t\t<div class=\"elementor-widget-container\">\n\t\t\t\t\t\t\t\t\t\t\t\t\t\t\t<img decoding=\"async\" width=\"284\" height=\"121\" src=\"https:\/\/lagenceimmoespagne.com\/wp-content\/uploads\/2023\/06\/Logo-API-AICAT.jpg\" class=\"attachment-medium size-medium wp-image-20951\" alt=\"\" \/>\t\t\t\t\t\t\t\t\t\t\t\t\t\t\t<\/div>\n\t\t\t\t<\/div>\n\t\t\t\t<\/div>\n\t\t\t\t\t<\/div>\n\t\t\t\t<\/div>\n\t\t<div class=\"elementor-element elementor-element-ced299b e-flex e-con-boxed e-con e-parent\" data-id=\"ced299b\" data-element_type=\"container\" data-settings=\"{&quot;background_background&quot;:&quot;classic&quot;}\">\n\t\t\t\t\t<div class=\"e-con-inner\">\n\t\t<div class=\"elementor-element elementor-element-d86fc33 e-con-full e-flex e-con e-child\" data-id=\"d86fc33\" data-element_type=\"container\" data-settings=\"{&quot;background_background&quot;:&quot;classic&quot;}\">\n\t\t\t\t<div class=\"elementor-element elementor-element-add0e8b elementor-widget elementor-widget-text-editor\" data-id=\"add0e8b\" data-element_type=\"widget\" data-widget_type=\"text-editor.default\">\n\t\t\t\t<div class=\"elementor-widget-container\">\n\t\t\t\t\t\t\t\t\t<div style=\"line-height: 30px;\"><p><span style=\"color: #222222; font-size: 12pt;\">Aux personnes qui souhaitent acheter un bien, nous proposons un accompagnement complet et individualis\u00e9, o\u00f9 notre capacit\u00e9 d&#039;\u00e9coute nous permet de parfaitement comprendre leurs souhaits et de leur pr\u00e9senter des produits adapt\u00e9s \u00e0 leur recherche jusqu&#039;\u00e0 ce qu&#039;ils trouvent le bien id\u00e9al.<\/span><\/p><p><span style=\"color: #222222; font-size: 12pt;\">\u00a0<\/span><\/p><p><span style=\"color: #222222; font-size: 12pt;\">Chaque membre de l&#039;\u00e9quipe apporte son exp\u00e9rience pour :<\/span><\/p><p><span style=\"color: #222222; font-size: 12pt;\">\u00a0<\/span><\/p><ul><li><span style=\"color: #222222; font-size: 12pt;\">Achat et vente de biens immobiliers pour la client\u00e8le francophone, mais aussi pour tout client qui le souhaite<\/span><\/li><li><span style=\"color: #222222; font-size: 12pt;\">\u00a0Gestion globale de projets de r\u00e9novation et de construction<\/span><\/li><li><span style=\"color: #222222; font-size: 12pt;\">Gestion de locations touristiques.<\/span><\/li><li><span style=\"color: #222222; font-size: 12pt;\">Conseils sur les proc\u00e9dures avant et apr\u00e8s vente.<\/span><\/li><\/ul><\/div>\t\t\t\t\t\t\t\t<\/div>\n\t\t\t\t<\/div>\n\t\t\t\t<\/div>\n\t\t\t\t\t<\/div>\n\t\t\t\t<\/div>\n\t\t<div class=\"elementor-element elementor-element-c6c36b2 e-flex e-con-boxed e-con e-parent\" data-id=\"c6c36b2\" data-element_type=\"container\" data-settings=\"{&quot;background_background&quot;:&quot;classic&quot;}\">\n\t\t\t\t\t<div class=\"e-con-inner\">\n\t\t\t\t<div class=\"elementor-element elementor-element-eacd9af elementor-widget elementor-widget-text-editor\" data-id=\"eacd9af\" data-element_type=\"widget\" data-widget_type=\"text-editor.default\">\n\t\t\t\t<div class=\"elementor-widget-container\">\n\t\t\t\t\t\t\t\t\t<p style=\"text-align: center;\"><span style=\"color: #000000; font-size: 14pt;\"><b>Un projet immobilier en Espagne ? <\/b><\/span><\/p>\t\t\t\t\t\t\t\t<\/div>\n\t\t\t\t<\/div>\n\t\t\t\t<div class=\"elementor-element elementor-element-023b8c4 elementor-align-center elementor-widget elementor-widget-button\" data-id=\"023b8c4\" data-element_type=\"widget\" data-widget_type=\"button.default\">\n\t\t\t\t<div class=\"elementor-widget-container\">\n\t\t\t\t\t\t\t\t\t<div class=\"elementor-button-wrapper\">\n\t\t\t\t\t<a class=\"elementor-button elementor-button-link elementor-size-sm\" href=\"https:\/\/lagenceimmoespagne.com\/fr\/contacto\/\">\n\t\t\t\t\t\t<span class=\"elementor-button-content-wrapper\">\n\t\t\t\t\t\t\t\t\t<span class=\"elementor-button-text\">Contactez-nous<\/span>\n\t\t\t\t\t<\/span>\n\t\t\t\t\t<\/a>\n\t\t\t\t<\/div>\n\t\t\t\t\t\t\t\t<\/div>\n\t\t\t\t<\/div>\n\t\t\t\t\t<\/div>\n\t\t\t\t<\/div>\n\t\t<div class=\"elementor-element elementor-element-afef696 e-flex e-con-boxed e-con e-parent\" data-id=\"afef696\" data-element_type=\"container\">\n\t\t\t\t\t<div class=\"e-con-inner\">\n\t\t<div class=\"elementor-element elementor-element-57c46bb e-con-full e-flex e-con e-child\" data-id=\"57c46bb\" data-element_type=\"container\">\n\t\t\t\t<div class=\"elementor-element elementor-element-a0d3292 gallery-we-page elementor-invisible elementor-widget elementor-widget-image-gallery\" data-id=\"a0d3292\" data-element_type=\"widget\" data-settings=\"{&quot;_animation&quot;:&quot;fadeIn&quot;}\" data-widget_type=\"image-gallery.default\">\n\t\t\t\t<div class=\"elementor-widget-container\">\n\t\t\t\t\t\t\t<div class=\"elementor-image-gallery\">\n\t\t\t\n\t\t<style type=\"text\/css\">\n\t\t\t#gallery-1 {\n\t\t\t\tmargin: auto;\n\t\t\t}\n\t\t\t#gallery-1 .gallery-item {\n\t\t\t\tfloat: left;\n\t\t\t\tmargin-top: 10px;\n\t\t\t\ttext-align: center;\n\t\t\t\twidth: 33%;\n\t\t\t}\n\t\t\t#gallery-1 img {\n\t\t\t\tborder: 2px solid #cfcfcf;\n\t\t\t}\n\t\t\t#gallery-1 .gallery-caption {\n\t\t\t\tmargin-left: 0;\n\t\t\t}\n\t\t\t\/* see gallery_shortcode() in wp-includes\/media.php *\/\n\t\t<\/style>\n\t\t<div id='gallery-1' class='gallery galleryid-19950 gallery-columns-3 gallery-size-full'><dl class='gallery-item'>\n\t\t\t<dt class='gallery-icon landscape'>\n\t\t\t\t<a data-elementor-open-lightbox=\"yes\" data-elementor-lightbox-slideshow=\"a0d3292\" data-elementor-lightbox-title=\"Quienes somos 1 (1) (1)\" data-e-action-hash=\"#elementor-action%3Aaction%3Dlightbox%26settings%3DeyJpZCI6MjEzNjksInVybCI6Imh0dHBzOlwvXC9sYWdlbmNlaW1tb2VzcGFnbmUuY29tXC93cC1jb250ZW50XC91cGxvYWRzXC8yMDIzXC8wNlwvUXVpZW5lcy1zb21vcy0xLTEtMS5qcGciLCJzbGlkZXNob3ciOiJhMGQzMjkyIn0%3D\" href='https:\/\/lagenceimmoespagne.com\/wp-content\/uploads\/2023\/06\/Quienes-somos-1-1-1.jpg'><img fetchpriority=\"high\" decoding=\"async\" width=\"1200\" height=\"901\" src=\"https:\/\/lagenceimmoespagne.com\/wp-content\/uploads\/2023\/06\/Quienes-somos-1-1-1.jpg\" class=\"attachment-full size-full\" alt=\"\" srcset=\"https:\/\/lagenceimmoespagne.com\/wp-content\/uploads\/2023\/06\/Quienes-somos-1-1-1.jpg 1200w, https:\/\/lagenceimmoespagne.com\/wp-content\/uploads\/2023\/06\/Quienes-somos-1-1-1-300x225.jpg 300w, https:\/\/lagenceimmoespagne.com\/wp-content\/uploads\/2023\/06\/Quienes-somos-1-1-1-1024x769.jpg 1024w, https:\/\/lagenceimmoespagne.com\/wp-content\/uploads\/2023\/06\/Quienes-somos-1-1-1-768x577.jpg 768w\" sizes=\"(max-width: 1200px) 100vw, 1200px\" \/><\/a>\n\t\t\t<\/dt><\/dl><dl class='gallery-item'>\n\t\t\t<dt class='gallery-icon landscape'>\n\t\t\t\t<a data-elementor-open-lightbox=\"yes\" data-elementor-lightbox-slideshow=\"a0d3292\" data-elementor-lightbox-title=\"Quienes somos 2 (1) (1)\" data-e-action-hash=\"#elementor-action%3Aaction%3Dlightbox%26settings%3DeyJpZCI6MjEzNjYsInVybCI6Imh0dHBzOlwvXC9sYWdlbmNlaW1tb2VzcGFnbmUuY29tXC93cC1jb250ZW50XC91cGxvYWRzXC8yMDIzXC8wNlwvUXVpZW5lcy1zb21vcy0yLTEtMS5qcGciLCJzbGlkZXNob3ciOiJhMGQzMjkyIn0%3D\" href='https:\/\/lagenceimmoespagne.com\/wp-content\/uploads\/2023\/06\/Quienes-somos-2-1-1.jpg'><img decoding=\"async\" width=\"1200\" height=\"1200\" src=\"https:\/\/lagenceimmoespagne.com\/wp-content\/uploads\/2023\/06\/Quienes-somos-2-1-1.jpg\" class=\"attachment-full size-full\" alt=\"\" srcset=\"https:\/\/lagenceimmoespagne.com\/wp-content\/uploads\/2023\/06\/Quienes-somos-2-1-1.jpg 1200w, https:\/\/lagenceimmoespagne.com\/wp-content\/uploads\/2023\/06\/Quienes-somos-2-1-1-300x300.jpg 300w, https:\/\/lagenceimmoespagne.com\/wp-content\/uploads\/2023\/06\/Quienes-somos-2-1-1-1024x1024.jpg 1024w, https:\/\/lagenceimmoespagne.com\/wp-content\/uploads\/2023\/06\/Quienes-somos-2-1-1-150x150.jpg 150w, https:\/\/lagenceimmoespagne.com\/wp-content\/uploads\/2023\/06\/Quienes-somos-2-1-1-768x768.jpg 768w, https:\/\/lagenceimmoespagne.com\/wp-content\/uploads\/2023\/06\/Quienes-somos-2-1-1-120x120.jpg 120w, https:\/\/lagenceimmoespagne.com\/wp-content\/uploads\/2023\/06\/Quienes-somos-2-1-1-45x45.jpg 45w, https:\/\/lagenceimmoespagne.com\/wp-content\/uploads\/2023\/06\/Quienes-somos-2-1-1-36x36.jpg 36w\" sizes=\"(max-width: 1200px) 100vw, 1200px\" \/><\/a>\n\t\t\t<\/dt><\/dl><dl class='gallery-item'>\n\t\t\t<dt class='gallery-icon landscape'>\n\t\t\t\t<a data-elementor-open-lightbox=\"yes\" data-elementor-lightbox-slideshow=\"a0d3292\" data-elementor-lightbox-title=\"Quienes somos 3\" data-e-action-hash=\"#elementor-action%3Aaction%3Dlightbox%26settings%3DeyJpZCI6MjA5NzMsInVybCI6Imh0dHBzOlwvXC9sYWdlbmNlaW1tb2VzcGFnbmUuY29tXC93cC1jb250ZW50XC91cGxvYWRzXC8yMDIzXC8wNlwvUXVpZW5lcy1zb21vcy0zLmpwZWciLCJzbGlkZXNob3ciOiJhMGQzMjkyIn0%3D\" href='https:\/\/lagenceimmoespagne.com\/wp-content\/uploads\/2023\/06\/Quienes-somos-3.jpeg'><img loading=\"lazy\" decoding=\"async\" width=\"1600\" height=\"900\" src=\"https:\/\/lagenceimmoespagne.com\/wp-content\/uploads\/2023\/06\/Quienes-somos-3.jpeg\" class=\"attachment-full size-full\" alt=\"\" srcset=\"https:\/\/lagenceimmoespagne.com\/wp-content\/uploads\/2023\/06\/Quienes-somos-3.jpeg 1600w, https:\/\/lagenceimmoespagne.com\/wp-content\/uploads\/2023\/06\/Quienes-somos-3-300x169.jpeg 300w, https:\/\/lagenceimmoespagne.com\/wp-content\/uploads\/2023\/06\/Quienes-somos-3-1024x576.jpeg 1024w, https:\/\/lagenceimmoespagne.com\/wp-content\/uploads\/2023\/06\/Quienes-somos-3-768x432.jpeg 768w, https:\/\/lagenceimmoespagne.com\/wp-content\/uploads\/2023\/06\/Quienes-somos-3-1536x864.jpeg 1536w, https:\/\/lagenceimmoespagne.com\/wp-content\/uploads\/2023\/06\/Quienes-somos-3-255x143.jpeg 255w, https:\/\/lagenceimmoespagne.com\/wp-content\/uploads\/2023\/06\/Quienes-somos-3-1110x623.jpeg 1110w\" sizes=\"(max-width: 1600px) 100vw, 1600px\" \/><\/a>\n\t\t\t<\/dt><\/dl><br style=\"clear: both\" \/>\n\t\t<\/div>\n\t\t<\/div>\n\t\t\t\t\t\t<\/div>\n\t\t\t\t<\/div>\n\t\t\t\t<\/div>\n\t\t\t\t\t<\/div>\n\t\t\t\t<\/div>\n\t\t<div class=\"elementor-element elementor-element-8f5c914 gallery-image-about e-flex e-con-boxed e-con e-parent\" data-id=\"8f5c914\" data-element_type=\"container\">\n\t\t\t\t\t<div class=\"e-con-inner\">\n\t\t\t\t<div class=\"elementor-element elementor-element-991f3c3 elementor-invisible elementor-widget elementor-widget-image-gallery\" data-id=\"991f3c3\" data-element_type=\"widget\" data-settings=\"{&quot;_animation&quot;:&quot;fadeIn&quot;}\" data-widget_type=\"image-gallery.default\">\n\t\t\t\t<div class=\"elementor-widget-container\">\n\t\t\t\t\t\t\t<div class=\"elementor-image-gallery\">\n\t\t\t\n\t\t<style type=\"text\/css\">\n\t\t\t#gallery-2 {\n\t\t\t\tmargin: auto;\n\t\t\t}\n\t\t\t#gallery-2 .gallery-item {\n\t\t\t\tfloat: left;\n\t\t\t\tmargin-top: 10px;\n\t\t\t\ttext-align: center;\n\t\t\t\twidth: 50%;\n\t\t\t}\n\t\t\t#gallery-2 img {\n\t\t\t\tborder: 2px solid #cfcfcf;\n\t\t\t}\n\t\t\t#gallery-2 .gallery-caption {\n\t\t\t\tmargin-left: 0;\n\t\t\t}\n\t\t\t\/* see gallery_shortcode() in wp-includes\/media.php *\/\n\t\t<\/style>\n\t\t<div id='gallery-2' class='gallery galleryid-19950 gallery-columns-2 gallery-size-full'><dl class='gallery-item'>\n\t\t\t<dt class='gallery-icon landscape'>\n\t\t\t\t<a data-elementor-open-lightbox=\"no\" href='https:\/\/lagenceimmoespagne.com\/wp-content\/uploads\/2023\/06\/Quienes-somos-4.jpeg'><img loading=\"lazy\" decoding=\"async\" width=\"1024\" height=\"474\" src=\"https:\/\/lagenceimmoespagne.com\/wp-content\/uploads\/2023\/06\/Quienes-somos-4.jpeg\" class=\"attachment-full size-full\" alt=\"\" srcset=\"https:\/\/lagenceimmoespagne.com\/wp-content\/uploads\/2023\/06\/Quienes-somos-4.jpeg 1024w, https:\/\/lagenceimmoespagne.com\/wp-content\/uploads\/2023\/06\/Quienes-somos-4-300x139.jpeg 300w, https:\/\/lagenceimmoespagne.com\/wp-content\/uploads\/2023\/06\/Quienes-somos-4-768x356.jpeg 768w\" sizes=\"(max-width: 1024px) 100vw, 1024px\" \/><\/a>\n\t\t\t<\/dt><\/dl><dl class='gallery-item'>\n\t\t\t<dt class='gallery-icon landscape'>\n\t\t\t\t<a data-elementor-open-lightbox=\"no\" href='https:\/\/lagenceimmoespagne.com\/wp-content\/uploads\/2023\/06\/Quienes-somos-5-scaled-1-1-1.jpg'><img loading=\"lazy\" decoding=\"async\" width=\"1200\" height=\"799\" src=\"https:\/\/lagenceimmoespagne.com\/wp-content\/uploads\/2023\/06\/Quienes-somos-5-scaled-1-1-1.jpg\" class=\"attachment-full size-full\" alt=\"\" srcset=\"https:\/\/lagenceimmoespagne.com\/wp-content\/uploads\/2023\/06\/Quienes-somos-5-scaled-1-1-1.jpg 1200w, https:\/\/lagenceimmoespagne.com\/wp-content\/uploads\/2023\/06\/Quienes-somos-5-scaled-1-1-1-300x200.jpg 300w, https:\/\/lagenceimmoespagne.com\/wp-content\/uploads\/2023\/06\/Quienes-somos-5-scaled-1-1-1-1024x682.jpg 1024w, https:\/\/lagenceimmoespagne.com\/wp-content\/uploads\/2023\/06\/Quienes-somos-5-scaled-1-1-1-768x511.jpg 768w, https:\/\/lagenceimmoespagne.com\/wp-content\/uploads\/2023\/06\/Quienes-somos-5-scaled-1-1-1-105x70.jpg 105w\" sizes=\"(max-width: 1200px) 100vw, 1200px\" \/><\/a>\n\t\t\t<\/dt><\/dl><br style=\"clear: both\" \/><dl class='gallery-item'>\n\t\t\t<dt class='gallery-icon landscape'>\n\t\t\t\t<a data-elementor-open-lightbox=\"no\" href='https:\/\/lagenceimmoespagne.com\/wp-content\/uploads\/2023\/06\/Quienes-somos-7-1-1.jpg'><img loading=\"lazy\" decoding=\"async\" width=\"1200\" height=\"967\" src=\"https:\/\/lagenceimmoespagne.com\/wp-content\/uploads\/2023\/06\/Quienes-somos-7-1-1.jpg\" class=\"attachment-full size-full\" alt=\"\" srcset=\"https:\/\/lagenceimmoespagne.com\/wp-content\/uploads\/2023\/06\/Quienes-somos-7-1-1.jpg 1200w, https:\/\/lagenceimmoespagne.com\/wp-content\/uploads\/2023\/06\/Quienes-somos-7-1-1-300x242.jpg 300w, https:\/\/lagenceimmoespagne.com\/wp-content\/uploads\/2023\/06\/Quienes-somos-7-1-1-1024x825.jpg 1024w, https:\/\/lagenceimmoespagne.com\/wp-content\/uploads\/2023\/06\/Quienes-somos-7-1-1-768x619.jpg 768w\" sizes=\"(max-width: 1200px) 100vw, 1200px\" \/><\/a>\n\t\t\t<\/dt><\/dl><dl class='gallery-item'>\n\t\t\t<dt class='gallery-icon landscape'>\n\t\t\t\t<a data-elementor-open-lightbox=\"no\" href='https:\/\/lagenceimmoespagne.com\/wp-content\/uploads\/2023\/06\/Quienes-somos-6-1-1-1.jpeg'><img loading=\"lazy\" decoding=\"async\" width=\"1200\" height=\"800\" src=\"https:\/\/lagenceimmoespagne.com\/wp-content\/uploads\/2023\/06\/Quienes-somos-6-1-1-1.jpeg\" class=\"attachment-full size-full\" alt=\"\" srcset=\"https:\/\/lagenceimmoespagne.com\/wp-content\/uploads\/2023\/06\/Quienes-somos-6-1-1-1.jpeg 1200w, https:\/\/lagenceimmoespagne.com\/wp-content\/uploads\/2023\/06\/Quienes-somos-6-1-1-1-300x200.jpeg 300w, https:\/\/lagenceimmoespagne.com\/wp-content\/uploads\/2023\/06\/Quienes-somos-6-1-1-1-1024x683.jpeg 1024w, https:\/\/lagenceimmoespagne.com\/wp-content\/uploads\/2023\/06\/Quienes-somos-6-1-1-1-768x512.jpeg 768w, https:\/\/lagenceimmoespagne.com\/wp-content\/uploads\/2023\/06\/Quienes-somos-6-1-1-1-105x70.jpeg 105w\" sizes=\"(max-width: 1200px) 100vw, 1200px\" \/><\/a>\n\t\t\t<\/dt><\/dl><br style=\"clear: both\" \/>\n\t\t<\/div>\n\t\t<\/div>\n\t\t\t\t\t\t<\/div>\n\t\t\t\t<\/div>\n\t\t\t\t\t<\/div>\n\t\t\t\t<\/div>\n\t\t\t\t<\/div>","protected":false},"excerpt":{"rendered":"<p>QUI\u00c9NES SOMOS L\u2019AGENCE : LA INMOBILIARIA FRANC\u00d3FONA EN ESPA\u00d1A \u00a0 Somos un equipo humano compuesto por S\u00e9verine, Val\u00e9rie (francesa y belga expatriadas a Espa\u00f1a) y\u00a0 Dounia , cualificadas y dispuestas a ofrecer a nuestros clientes un servicio excelente, en su idioma :\u00a0 hablamos franc\u00e9s, castellano e ingl\u00e9s. \u00a0 Nuestra agencia est\u00e1 registrada en Espa\u00f1a con n\u00famero de API\u00a0 A11221 y AICAT 6833 \u00a0 Nuestros &#8230;<\/p>","protected":false},"author":2,"featured_media":0,"parent":0,"menu_order":0,"comment_status":"closed","ping_status":"closed","template":"elementor_header_footer","meta":{"footnotes":""},"class_list":["post-19950","page","type-page","status-publish","hentry"],"yoast_head":"<!-- This site is optimized with the Yoast SEO plugin v26.5 - https:\/\/yoast.com\/wordpress\/plugins\/seo\/ -->\n<title>Quien somos - L\u2019AGENCE AGENCE INMOBILIERE<\/title>\n<meta name=\"robots\" content=\"index, follow, max-snippet:-1, max-image-preview:large, max-video-preview:-1\" \/>\n<link rel=\"canonical\" href=\"https:\/\/lagenceimmoespagne.com\/fr\/quien-somos\/\" \/>\n<meta property=\"og:locale\" content=\"fr_FR\" \/>\n<meta property=\"og:type\" content=\"article\" \/>\n<meta property=\"og:title\" content=\"Quien somos - L\u2019AGENCE AGENCE INMOBILIERE\" \/>\n<meta property=\"og:description\" content=\"QUI\u00c9NES SOMOS L\u2019AGENCE : LA INMOBILIARIA FRANC\u00d3FONA EN ESPA\u00d1A \u00a0 Somos un equipo humano compuesto por S\u00e9verine, Val\u00e9rie (francesa y belga expatriadas a Espa\u00f1a) y\u00a0 Dounia , cualificadas y dispuestas a ofrecer a nuestros clientes un servicio excelente, en su idioma :\u00a0 hablamos franc\u00e9s, castellano e ingl\u00e9s. \u00a0 Nuestra agencia est\u00e1 registrada en Espa\u00f1a con n\u00famero de API\u00a0 A11221 y AICAT 6833 \u00a0 Nuestros ...\" \/>\n<meta property=\"og:url\" content=\"https:\/\/lagenceimmoespagne.com\/fr\/quien-somos\/\" \/>\n<meta property=\"og:site_name\" content=\"L\u2019AGENCE AGENCE INMOBILIERE\" \/>\n<meta property=\"article:modified_time\" content=\"2025-02-06T11:21:24+00:00\" \/>\n<meta property=\"og:image\" content=\"https:\/\/lagenceimmoespagne.com\/wp-content\/uploads\/2023\/06\/Logo-API-AICAT.jpg\" \/>\n\t<meta property=\"og:image:width\" content=\"284\" \/>\n\t<meta property=\"og:image:height\" content=\"121\" \/>\n\t<meta property=\"og:image:type\" content=\"image\/jpeg\" \/>\n<meta name=\"twitter:card\" content=\"summary_large_image\" \/>\n<meta name=\"twitter:label1\" content=\"Dur\u00e9e de lecture estim\u00e9e\" \/>\n\t<meta name=\"twitter:data1\" content=\"3 minutes\" \/>\n<script type=\"application\/ld+json\" class=\"yoast-schema-graph\">{\"@context\":\"https:\/\/schema.org\",\"@graph\":[{\"@type\":\"WebPage\",\"@id\":\"https:\/\/lagenceimmoespagne.com\/quien-somos\/\",\"url\":\"https:\/\/lagenceimmoespagne.com\/quien-somos\/\",\"name\":\"Quien somos - L\u2019AGENCE AGENCE INMOBILIERE\",\"isPartOf\":{\"@id\":\"https:\/\/lagenceimmoespagne.com\/#website\"},\"primaryImageOfPage\":{\"@id\":\"https:\/\/lagenceimmoespagne.com\/quien-somos\/#primaryimage\"},\"image\":{\"@id\":\"https:\/\/lagenceimmoespagne.com\/quien-somos\/#primaryimage\"},\"thumbnailUrl\":\"https:\/\/lagenceimmoespagne.com\/wp-content\/uploads\/2023\/06\/Logo-API-AICAT.jpg\",\"datePublished\":\"2023-05-04T06:18:17+00:00\",\"dateModified\":\"2025-02-06T11:21:24+00:00\",\"breadcrumb\":{\"@id\":\"https:\/\/lagenceimmoespagne.com\/quien-somos\/#breadcrumb\"},\"inLanguage\":\"fr-FR\",\"potentialAction\":[{\"@type\":\"ReadAction\",\"target\":[\"https:\/\/lagenceimmoespagne.com\/quien-somos\/\"]}]},{\"@type\":\"ImageObject\",\"inLanguage\":\"fr-FR\",\"@id\":\"https:\/\/lagenceimmoespagne.com\/quien-somos\/#primaryimage\",\"url\":\"https:\/\/lagenceimmoespagne.com\/wp-content\/uploads\/2023\/06\/Logo-API-AICAT.jpg\",\"contentUrl\":\"https:\/\/lagenceimmoespagne.com\/wp-content\/uploads\/2023\/06\/Logo-API-AICAT.jpg\"},{\"@type\":\"BreadcrumbList\",\"@id\":\"https:\/\/lagenceimmoespagne.com\/quien-somos\/#breadcrumb\",\"itemListElement\":[{\"@type\":\"ListItem\",\"position\":1,\"name\":\"Portada\",\"item\":\"https:\/\/lagenceimmoespagne.com\/\"},{\"@type\":\"ListItem\",\"position\":2,\"name\":\"Quien somos\"}]},{\"@type\":\"WebSite\",\"@id\":\"https:\/\/lagenceimmoespagne.com\/#website\",\"url\":\"https:\/\/lagenceimmoespagne.com\/\",\"name\":\"L\u2019AGENCE AGENCE INMOBILIERE\",\"description\":\"\",\"potentialAction\":[{\"@type\":\"SearchAction\",\"target\":{\"@type\":\"EntryPoint\",\"urlTemplate\":\"https:\/\/lagenceimmoespagne.com\/?s={search_term_string}\"},\"query-input\":{\"@type\":\"PropertyValueSpecification\",\"valueRequired\":true,\"valueName\":\"search_term_string\"}}],\"inLanguage\":\"fr-FR\"}]}<\/script>\n<!-- \/ Yoast SEO plugin. -->","yoast_head_json":{"title":"Quien somos - L\u2019AGENCE AGENCE INMOBILIERE","robots":{"index":"index","follow":"follow","max-snippet":"max-snippet:-1","max-image-preview":"max-image-preview:large","max-video-preview":"max-video-preview:-1"},"canonical":"https:\/\/lagenceimmoespagne.com\/fr\/quien-somos\/","og_locale":"fr_FR","og_type":"article","og_title":"Quien somos - L\u2019AGENCE AGENCE INMOBILIERE","og_description":"QUI\u00c9NES SOMOS L\u2019AGENCE : LA INMOBILIARIA FRANC\u00d3FONA EN ESPA\u00d1A \u00a0 Somos un equipo humano compuesto por S\u00e9verine, Val\u00e9rie (francesa y belga expatriadas a Espa\u00f1a) y\u00a0 Dounia , cualificadas y dispuestas a ofrecer a nuestros clientes un servicio excelente, en su idioma :\u00a0 hablamos franc\u00e9s, castellano e ingl\u00e9s. \u00a0 Nuestra agencia est\u00e1 registrada en Espa\u00f1a con n\u00famero de API\u00a0 A11221 y AICAT 6833 \u00a0 Nuestros ...","og_url":"https:\/\/lagenceimmoespagne.com\/fr\/quien-somos\/","og_site_name":"L\u2019AGENCE AGENCE INMOBILIERE","article_modified_time":"2025-02-06T11:21:24+00:00","og_image":[{"width":284,"height":121,"url":"https:\/\/lagenceimmoespagne.com\/wp-content\/uploads\/2023\/06\/Logo-API-AICAT.jpg","type":"image\/jpeg"}],"twitter_card":"summary_large_image","twitter_misc":{"Dur\u00e9e de lecture estim\u00e9e":"3 minutes"},"schema":{"@context":"https:\/\/schema.org","@graph":[{"@type":"WebPage","@id":"https:\/\/lagenceimmoespagne.com\/quien-somos\/","url":"https:\/\/lagenceimmoespagne.com\/quien-somos\/","name":"Quien somos - L\u2019AGENCE AGENCE INMOBILIERE","isPartOf":{"@id":"https:\/\/lagenceimmoespagne.com\/#website"},"primaryImageOfPage":{"@id":"https:\/\/lagenceimmoespagne.com\/quien-somos\/#primaryimage"},"image":{"@id":"https:\/\/lagenceimmoespagne.com\/quien-somos\/#primaryimage"},"thumbnailUrl":"https:\/\/lagenceimmoespagne.com\/wp-content\/uploads\/2023\/06\/Logo-API-AICAT.jpg","datePublished":"2023-05-04T06:18:17+00:00","dateModified":"2025-02-06T11:21:24+00:00","breadcrumb":{"@id":"https:\/\/lagenceimmoespagne.com\/quien-somos\/#breadcrumb"},"inLanguage":"fr-FR","potentialAction":[{"@type":"ReadAction","target":["https:\/\/lagenceimmoespagne.com\/quien-somos\/"]}]},{"@type":"ImageObject","inLanguage":"fr-FR","@id":"https:\/\/lagenceimmoespagne.com\/quien-somos\/#primaryimage","url":"https:\/\/lagenceimmoespagne.com\/wp-content\/uploads\/2023\/06\/Logo-API-AICAT.jpg","contentUrl":"https:\/\/lagenceimmoespagne.com\/wp-content\/uploads\/2023\/06\/Logo-API-AICAT.jpg"},{"@type":"BreadcrumbList","@id":"https:\/\/lagenceimmoespagne.com\/quien-somos\/#breadcrumb","itemListElement":[{"@type":"ListItem","position":1,"name":"Portada","item":"https:\/\/lagenceimmoespagne.com\/"},{"@type":"ListItem","position":2,"name":"Quien somos"}]},{"@type":"WebSite","@id":"https:\/\/lagenceimmoespagne.com\/#website","url":"https:\/\/lagenceimmoespagne.com\/","name":"L\u2019AGENCE AGENCE INMOBILIERE","description":"","potentialAction":[{"@type":"SearchAction","target":{"@type":"EntryPoint","urlTemplate":"https:\/\/lagenceimmoespagne.com\/?s={search_term_string}"},"query-input":{"@type":"PropertyValueSpecification","valueRequired":true,"valueName":"search_term_string"}}],"inLanguage":"fr-FR"}]}},"_links":{"self":[{"href":"https:\/\/lagenceimmoespagne.com\/fr\/wp-json\/wp\/v2\/pages\/19950","targetHints":{"allow":["GET"]}}],"collection":[{"href":"https:\/\/lagenceimmoespagne.com\/fr\/wp-json\/wp\/v2\/pages"}],"about":[{"href":"https:\/\/lagenceimmoespagne.com\/fr\/wp-json\/wp\/v2\/types\/page"}],"author":[{"embeddable":true,"href":"https:\/\/lagenceimmoespagne.com\/fr\/wp-json\/wp\/v2\/users\/2"}],"replies":[{"embeddable":true,"href":"https:\/\/lagenceimmoespagne.com\/fr\/wp-json\/wp\/v2\/comments?post=19950"}],"version-history":[{"count":0,"href":"https:\/\/lagenceimmoespagne.com\/fr\/wp-json\/wp\/v2\/pages\/19950\/revisions"}],"wp:attachment":[{"href":"https:\/\/lagenceimmoespagne.com\/fr\/wp-json\/wp\/v2\/media?parent=19950"}],"curies":[{"name":"wp","href":"https:\/\/api.w.org\/{rel}","templated":true}]}}