{"id":20065,"date":"2023-05-05T04:44:25","date_gmt":"2023-05-05T04:44:25","guid":{"rendered":"https:\/\/lagenceimmoespagne.com\/?page_id=20065"},"modified":"2023-07-14T11:55:41","modified_gmt":"2023-07-14T11:55:41","slug":"politica-de-cookies","status":"publish","type":"page","link":"https:\/\/lagenceimmoespagne.com\/en\/politica-de-cookies\/","title":{"rendered":"Cookies policy"},"content":{"rendered":"<div data-elementor-type=\"wp-page\" data-elementor-id=\"20065\" class=\"elementor elementor-20065\">\n\t\t\t\t\t\t<section class=\"elementor-section elementor-top-section elementor-element elementor-element-cb80e0d elementor-section-boxed elementor-section-height-default elementor-section-height-default\" data-id=\"cb80e0d\" data-element_type=\"section\">\n\t\t\t\t\t\t<div class=\"elementor-container elementor-column-gap-default\">\n\t\t\t\t\t<div class=\"elementor-column elementor-col-100 elementor-top-column elementor-element elementor-element-7bd2ebd\" data-id=\"7bd2ebd\" data-element_type=\"column\">\n\t\t\t<div class=\"elementor-widget-wrap elementor-element-populated\">\n\t\t\t\t\t\t<div class=\"elementor-element elementor-element-0d2ef79 elementor-widget elementor-widget-heading\" data-id=\"0d2ef79\" data-element_type=\"widget\" data-widget_type=\"heading.default\">\n\t\t\t\t<div class=\"elementor-widget-container\">\n\t\t\t\t\t<h1 class=\"elementor-heading-title elementor-size-xxl\">Cookies policy<\/h1>\t\t\t\t<\/div>\n\t\t\t\t<\/div>\n\t\t\t\t<div class=\"elementor-element elementor-element-6857f83 elementor-widget elementor-widget-text-editor\" data-id=\"6857f83\" data-element_type=\"widget\" data-widget_type=\"text-editor.default\">\n\t\t\t\t<div class=\"elementor-widget-container\">\n\t\t\t\t\t\t\t\t\t<p style=\"text-align: center;\"><span style=\"font-size: 14pt; color: #170e0e;\">www.lagenceimmoespagne.com<\/span><\/p>\t\t\t\t\t\t\t\t<\/div>\n\t\t\t\t<\/div>\n\t\t\t\t<div class=\"elementor-element elementor-element-679ee18 elementor-widget elementor-widget-text-editor\" data-id=\"679ee18\" data-element_type=\"widget\" data-widget_type=\"text-editor.default\">\n\t\t\t\t<div class=\"elementor-widget-container\">\n\t\t\t\t\t\t\t\t\t<div class=\"elementor-element elementor-element-679ee18 elementor-widget elementor-widget-text-editor\" data-id=\"679ee18\" data-element_type=\"widget\" data-widget_type=\"text-editor.default\"><div class=\"elementor-widget-container\"><h2><b>1. Definition and function of cookies<\/b><\/h2><p>What are cookies? A cookie is a file that is downloaded to your computer when you access certain web pages. Cookies allow a website, among other things, to store and retrieve information about the browsing habits of a user or their equipment and, depending on the information they contain and the way you use your equipment, they can be used to recognize to user.<\/p><h2><b>2. What types of cookies does this website use?<\/b><\/h2><p>Own cookies: These are those that are sent to the user&#039;s terminal equipment from a computer or domain managed by the editor itself and from which the service requested by the user is provided.<\/p><p>Session cookies: These are a type of cookies designed to collect and store data while the user accesses a web page.<\/p><p>Persistent cookies: These are a type of cookies in which the data continues to be stored in the terminal and can be accessed and processed for a period defined by the person responsible for the cookie, which can range from a few minutes to several years.<\/p><p>Analysis cookies: These are those that, well treated by us or by third parties, allow us to quantify the number of users and thus carry out the measurement and statistical analysis of the use made by users of the service offered.<\/p><h2><b>3. Revocation and deletion of cookies<\/b><\/h2><p>You can allow, block or delete cookies installed on your computer by configuring the options of the browser installed on your computer. If you do not allow the installation of cookies on your browser, you may not be able to access some of the sections of our web.<\/p><ul><li>More information on how to manage cookies at<a href=\"https:\/\/support.google.com\/chrome\/answer\/95647?co=GENIE.Platform%3DDesktop&amp;hl=es\">\u00a0Google Chrome<\/a><\/li><li>More information on how to manage cookies at<a href=\"https:\/\/support.microsoft.com\/es-es\/help\/17442\/windows-internet-explorer-delete-manage-cookies\">\u00a0Internet Explorer<\/a><\/li><li>More information on how to manage cookies at<a href=\"https:\/\/support.mozilla.org\/es\/kb\/cookies-informacion-que-los-sitios-web-guardan-en-\">\u00a0Mozilla Firefox<\/a><\/li><li>More information on how to manage cookies at<a href=\"https:\/\/support.apple.com\/es-es\/guide\/safari\/sfri11471\/mac\">\u00a0Safari<\/a><\/li><li>More information on how to manage cookies at<a href=\"https:\/\/help.opera.com\/en\/latest\/web-preferences\/\">\u00a0Opera<\/a><\/li><\/ul><h2><b>4. Consent<\/b><\/h2><p>By browsing and continuing on our website you indicate that you are consenting to the use of the cookies set out in the following section, and in the conditions contained in this Cookies Policy.<\/p><h2><b>5. List of cookies<\/b><\/h2><\/div><\/div>\t\t\t\t\t\t\t\t<\/div>\n\t\t\t\t<\/div>\n\t\t\t\t<div class=\"elementor-element elementor-element-d17c500 elementor-widget elementor-widget-text-editor\" data-id=\"d17c500\" data-element_type=\"widget\" data-widget_type=\"text-editor.default\">\n\t\t\t\t<div class=\"elementor-widget-container\">\n\t\t\t\t\t\t\t\t\t<table width=\"100%\"><tbody><tr><td width=\"132\"><strong>Name<\/strong><\/td><td width=\"198\"><strong>Purpose<\/strong><\/td><td width=\"85\"><strong>Own \/ Third parties<\/strong><\/td><td width=\"312\"><strong>Excluded \/ Not Excluded (from the duty of information and consent)<\/strong><\/td><\/tr><tr><td width=\"132\">__utma<\/td><td width=\"198\">Cookies used by Google Analytics to store statistical data. <a href=\"https:\/\/developers.google.com\/analytics\/devguides\/collection\/analyticsjs\/cookie-usage?hl=es#gajs\" data-et-has-event-already=\"true\">More information<\/a><\/td><td width=\"85\">Third parties Google Inc<\/td><td width=\"312\">Not excluded<\/td><\/tr><tr><td width=\"132\">__utmb<\/td><td width=\"198\">Cookies used by Google Analytics to store statistical data. <a href=\"https:\/\/developers.google.com\/analytics\/devguides\/collection\/analyticsjs\/cookie-usage?hl=es#gajs\" data-et-has-event-already=\"true\">More information<\/a><\/td><td width=\"85\">Third parties Google Inc<\/td><td width=\"312\">Not excluded<\/td><\/tr><tr><td width=\"132\">__utmc<\/td><td width=\"198\">Cookies used by Google Analytics to store statistical data. <a href=\"https:\/\/developers.google.com\/analytics\/devguides\/collection\/analyticsjs\/cookie-usage?hl=es#gajs\" data-et-has-event-already=\"true\">More information<\/a><\/td><td width=\"85\">Third parties Google Inc<\/td><td width=\"312\">Not excluded<\/td><\/tr><tr><td width=\"132\">__utmt<\/td><td width=\"198\">Cookies used by Google Analytics to store statistical data. <a href=\"https:\/\/developers.google.com\/analytics\/devguides\/collection\/analyticsjs\/cookie-usage?hl=es#gajs\" data-et-has-event-already=\"true\">More information<\/a><\/td><td width=\"85\">Third parties Google Inc<\/td><td width=\"312\">Not excluded<\/td><\/tr><tr><td width=\"132\">__utmz<\/td><td width=\"198\">Cookies used by Google Analytics to store statistical data. <a href=\"https:\/\/developers.google.com\/analytics\/devguides\/collection\/analyticsjs\/cookie-usage?hl=es#gajs\" data-et-has-event-already=\"true\">More information<\/a><\/td><td width=\"85\">Third parties Google Inc<\/td><td width=\"312\">Not excluded<\/td><\/tr><tr><td width=\"132\">Cookie_notice_accepted<\/td><td width=\"198\">This cookie remembers whether the cookie warning message has been accepted and stops displaying it for as long as it is active.<\/td><td width=\"85\">Own<\/td><td width=\"312\">Necessary<\/td><\/tr><tr><td width=\"132\">et-saved-post-241-fb<\/td><td width=\"198\">Cookies that Facebook uses to store statistical data. <a href=\"https:\/\/developers.google.com\/analytics\/devguides\/collection\/analyticsjs\/cookie-usage?hl=es#gajs\" data-et-has-event-already=\"true\">More information<\/a><\/td><td width=\"85\">Facebook<\/td><td width=\"312\">Not excluded<\/td><\/tr><tr><td width=\"132\">woocommerce_cart_hash<\/td><td width=\"198\">Helps WooCommerce determine when cart contents\/data changes.<\/td><td width=\"85\">Session<\/td><td width=\"312\">Necessary<\/td><\/tr><tr><td width=\"132\">woocommerce_items_in_cart<\/td><td width=\"198\">Helps WooCommerce determine when cart contents\/data changes.<\/td><td width=\"85\">Session<\/td><td width=\"312\">Necessary<\/td><\/tr><tr><td width=\"132\">wp_woocommerce_session_<\/td><td width=\"198\">It contains a unique code for each customer so you know where to find the cart data in the database for each customer.<\/td><td width=\"85\">Session<\/td><td width=\"312\">Necessary<\/td><\/tr><tr><td width=\"132\">woocommerce_recently_viewed<\/td><td width=\"198\">Feed the widget <a href=\"https:\/\/docs.woocommerce.com\/document\/woocommerce-widgets\/\"><strong>Recent Viewed Products<\/strong><\/a> .<\/td><td width=\"85\">Session<\/td><td width=\"312\">Necessary<\/td><\/tr><tr><td width=\"132\">store_notice[notice id]<\/td><td width=\"198\">Allows customers to discard the <a href=\"https:\/\/docs.woocommerce.com\/document\/woocommerce-customizer\/#section-2\" data-et-has-event-already=\"true\"><strong>notice of<\/strong><\/a> the <a href=\"https:\/\/docs.woocommerce.com\/document\/woocommerce-customizer\/#section-2\" data-et-has-event-already=\"true\"><strong>store<\/strong><\/a><\/td><td width=\"85\">Session<\/td><td width=\"312\">Necessary<\/td><\/tr><tr><td width=\"132\">\u00a0<\/td><td width=\"198\">\u00a0<\/td><td width=\"85\">\u00a0<\/td><td width=\"312\">\u00a0<\/td><\/tr><tr><td width=\"132\">\u00a0<\/td><td width=\"198\">\u00a0<\/td><td width=\"85\">\u00a0<\/td><td width=\"312\">\u00a0<\/td><\/tr><tr><td width=\"132\">\u00a0<\/td><td width=\"198\">\u00a0<\/td><td width=\"85\">\u00a0<\/td><td width=\"312\">\u00a0<\/td><\/tr><\/tbody><\/table><p>\u00a0<\/p>\t\t\t\t\t\t\t\t<\/div>\n\t\t\t\t<\/div>\n\t\t\t\t\t<\/div>\n\t\t<\/div>\n\t\t\t\t\t<\/div>\n\t\t<\/section>\n\t\t\t\t<\/div>","protected":false},"excerpt":{"rendered":"<p>Pol\u00edtica de cookies www.lagenceimmoespagne.com 1. Definici\u00f3n y funci\u00f3n de las cookies \u00bfQu\u00e9 son las cookies? Una cookie es un fichero que se descarga en su ordenador al acceder a determinadas p\u00e1ginas web. Las cookies permiten a una p\u00e1gina web, entre otras cosas, almacenar y recuperar informaci\u00f3n sobre los h\u00e1bitos de navegaci\u00f3n de un usuario o de su equipo y, dependiendo de la informaci\u00f3n que &#8230;<\/p>","protected":false},"author":2,"featured_media":0,"parent":0,"menu_order":0,"comment_status":"closed","ping_status":"closed","template":"","meta":{"footnotes":""},"class_list":["post-20065","page","type-page","status-publish","hentry"],"yoast_head":"<!-- This site is optimized with the Yoast SEO plugin v26.5 - https:\/\/yoast.com\/wordpress\/plugins\/seo\/ -->\n<title>Pol\u00edtica de cookies - L\u2019AGENCE AGENCE INMOBILIERE<\/title>\n<meta name=\"robots\" content=\"index, follow, max-snippet:-1, max-image-preview:large, max-video-preview:-1\" \/>\n<link rel=\"canonical\" href=\"https:\/\/lagenceimmoespagne.com\/en\/politica-de-cookies\/\" \/>\n<meta property=\"og:locale\" content=\"en_GB\" \/>\n<meta property=\"og:type\" content=\"article\" \/>\n<meta property=\"og:title\" content=\"Pol\u00edtica de cookies - L\u2019AGENCE AGENCE INMOBILIERE\" \/>\n<meta property=\"og:description\" content=\"Pol\u00edtica de cookies www.lagenceimmoespagne.com 1. Definici\u00f3n y funci\u00f3n de las cookies \u00bfQu\u00e9 son las cookies? Una cookie es un fichero que se descarga en su ordenador al acceder a determinadas p\u00e1ginas web. Las cookies permiten a una p\u00e1gina web, entre otras cosas, almacenar y recuperar informaci\u00f3n sobre los h\u00e1bitos de navegaci\u00f3n de un usuario o de su equipo y, dependiendo de la informaci\u00f3n que ...\" \/>\n<meta property=\"og:url\" content=\"https:\/\/lagenceimmoespagne.com\/en\/politica-de-cookies\/\" \/>\n<meta property=\"og:site_name\" content=\"L\u2019AGENCE AGENCE INMOBILIERE\" \/>\n<meta property=\"article:modified_time\" content=\"2023-07-14T11:55:41+00:00\" \/>\n<meta name=\"twitter:card\" content=\"summary_large_image\" \/>\n<meta name=\"twitter:label1\" content=\"Est. reading time\" \/>\n\t<meta name=\"twitter:data1\" content=\"3 minutes\" \/>\n<script type=\"application\/ld+json\" class=\"yoast-schema-graph\">{\"@context\":\"https:\/\/schema.org\",\"@graph\":[{\"@type\":\"WebPage\",\"@id\":\"https:\/\/lagenceimmoespagne.com\/politica-de-cookies\/\",\"url\":\"https:\/\/lagenceimmoespagne.com\/politica-de-cookies\/\",\"name\":\"Pol\u00edtica de cookies - L\u2019AGENCE AGENCE INMOBILIERE\",\"isPartOf\":{\"@id\":\"https:\/\/lagenceimmoespagne.com\/#website\"},\"datePublished\":\"2023-05-05T04:44:25+00:00\",\"dateModified\":\"2023-07-14T11:55:41+00:00\",\"breadcrumb\":{\"@id\":\"https:\/\/lagenceimmoespagne.com\/politica-de-cookies\/#breadcrumb\"},\"inLanguage\":\"en-GB\",\"potentialAction\":[{\"@type\":\"ReadAction\",\"target\":[\"https:\/\/lagenceimmoespagne.com\/politica-de-cookies\/\"]}]},{\"@type\":\"BreadcrumbList\",\"@id\":\"https:\/\/lagenceimmoespagne.com\/politica-de-cookies\/#breadcrumb\",\"itemListElement\":[{\"@type\":\"ListItem\",\"position\":1,\"name\":\"Portada\",\"item\":\"https:\/\/lagenceimmoespagne.com\/\"},{\"@type\":\"ListItem\",\"position\":2,\"name\":\"Pol\u00edtica de cookies\"}]},{\"@type\":\"WebSite\",\"@id\":\"https:\/\/lagenceimmoespagne.com\/#website\",\"url\":\"https:\/\/lagenceimmoespagne.com\/\",\"name\":\"L\u2019AGENCE AGENCE INMOBILIERE\",\"description\":\"\",\"potentialAction\":[{\"@type\":\"SearchAction\",\"target\":{\"@type\":\"EntryPoint\",\"urlTemplate\":\"https:\/\/lagenceimmoespagne.com\/?s={search_term_string}\"},\"query-input\":{\"@type\":\"PropertyValueSpecification\",\"valueRequired\":true,\"valueName\":\"search_term_string\"}}],\"inLanguage\":\"en-GB\"}]}<\/script>\n<!-- \/ Yoast SEO plugin. -->","yoast_head_json":{"title":"Pol\u00edtica de cookies - L\u2019AGENCE AGENCE INMOBILIERE","robots":{"index":"index","follow":"follow","max-snippet":"max-snippet:-1","max-image-preview":"max-image-preview:large","max-video-preview":"max-video-preview:-1"},"canonical":"https:\/\/lagenceimmoespagne.com\/en\/politica-de-cookies\/","og_locale":"en_GB","og_type":"article","og_title":"Pol\u00edtica de cookies - L\u2019AGENCE AGENCE INMOBILIERE","og_description":"Pol\u00edtica de cookies www.lagenceimmoespagne.com 1. Definici\u00f3n y funci\u00f3n de las cookies \u00bfQu\u00e9 son las cookies? Una cookie es un fichero que se descarga en su ordenador al acceder a determinadas p\u00e1ginas web. Las cookies permiten a una p\u00e1gina web, entre otras cosas, almacenar y recuperar informaci\u00f3n sobre los h\u00e1bitos de navegaci\u00f3n de un usuario o de su equipo y, dependiendo de la informaci\u00f3n que ...","og_url":"https:\/\/lagenceimmoespagne.com\/en\/politica-de-cookies\/","og_site_name":"L\u2019AGENCE AGENCE INMOBILIERE","article_modified_time":"2023-07-14T11:55:41+00:00","twitter_card":"summary_large_image","twitter_misc":{"Est. reading time":"3 minutes"},"schema":{"@context":"https:\/\/schema.org","@graph":[{"@type":"WebPage","@id":"https:\/\/lagenceimmoespagne.com\/politica-de-cookies\/","url":"https:\/\/lagenceimmoespagne.com\/politica-de-cookies\/","name":"Pol\u00edtica de cookies - L\u2019AGENCE AGENCE INMOBILIERE","isPartOf":{"@id":"https:\/\/lagenceimmoespagne.com\/#website"},"datePublished":"2023-05-05T04:44:25+00:00","dateModified":"2023-07-14T11:55:41+00:00","breadcrumb":{"@id":"https:\/\/lagenceimmoespagne.com\/politica-de-cookies\/#breadcrumb"},"inLanguage":"en-GB","potentialAction":[{"@type":"ReadAction","target":["https:\/\/lagenceimmoespagne.com\/politica-de-cookies\/"]}]},{"@type":"BreadcrumbList","@id":"https:\/\/lagenceimmoespagne.com\/politica-de-cookies\/#breadcrumb","itemListElement":[{"@type":"ListItem","position":1,"name":"Portada","item":"https:\/\/lagenceimmoespagne.com\/"},{"@type":"ListItem","position":2,"name":"Pol\u00edtica de cookies"}]},{"@type":"WebSite","@id":"https:\/\/lagenceimmoespagne.com\/#website","url":"https:\/\/lagenceimmoespagne.com\/","name":"L&#039;AGENCE AGENCE REAL ESTATE","description":"","potentialAction":[{"@type":"SearchAction","target":{"@type":"EntryPoint","urlTemplate":"https:\/\/lagenceimmoespagne.com\/?s={search_term_string}"},"query-input":{"@type":"PropertyValueSpecification","valueRequired":true,"valueName":"search_term_string"}}],"inLanguage":"en-GB"}]}},"_links":{"self":[{"href":"https:\/\/lagenceimmoespagne.com\/en\/wp-json\/wp\/v2\/pages\/20065","targetHints":{"allow":["GET"]}}],"collection":[{"href":"https:\/\/lagenceimmoespagne.com\/en\/wp-json\/wp\/v2\/pages"}],"about":[{"href":"https:\/\/lagenceimmoespagne.com\/en\/wp-json\/wp\/v2\/types\/page"}],"author":[{"embeddable":true,"href":"https:\/\/lagenceimmoespagne.com\/en\/wp-json\/wp\/v2\/users\/2"}],"replies":[{"embeddable":true,"href":"https:\/\/lagenceimmoespagne.com\/en\/wp-json\/wp\/v2\/comments?post=20065"}],"version-history":[{"count":0,"href":"https:\/\/lagenceimmoespagne.com\/en\/wp-json\/wp\/v2\/pages\/20065\/revisions"}],"wp:attachment":[{"href":"https:\/\/lagenceimmoespagne.com\/en\/wp-json\/wp\/v2\/media?parent=20065"}],"curies":[{"name":"wp","href":"https:\/\/api.w.org\/{rel}","templated":true}]}}