{"id":19945,"date":"2023-05-04T06:12:28","date_gmt":"2023-05-04T06:12:28","guid":{"rendered":"https:\/\/lagenceimmoespagne.com\/?page_id=19945"},"modified":"2024-01-02T10:40:22","modified_gmt":"2024-01-02T10:40:22","slug":"servicios","status":"publish","type":"page","link":"https:\/\/lagenceimmoespagne.com\/en\/servicios\/","title":{"rendered":"Services"},"content":{"rendered":"<div data-elementor-type=\"wp-page\" data-elementor-id=\"19945\" class=\"elementor elementor-19945\">\n\t\t\t\t\t\t<section class=\"elementor-section elementor-top-section elementor-element elementor-element-d358641 elementor-section-boxed elementor-section-height-default elementor-section-height-default\" data-id=\"d358641\" data-element_type=\"section\">\n\t\t\t\t\t\t<div class=\"elementor-container elementor-column-gap-default\">\n\t\t\t\t\t<div class=\"elementor-column elementor-col-100 elementor-top-column elementor-element elementor-element-96b2477\" data-id=\"96b2477\" data-element_type=\"column\">\n\t\t\t<div class=\"elementor-widget-wrap elementor-element-populated\">\n\t\t\t\t\t\t<div class=\"elementor-element elementor-element-99e0bb4 elementor-widget elementor-widget-heading\" data-id=\"99e0bb4\" data-element_type=\"widget\" data-widget_type=\"heading.default\">\n\t\t\t\t<div class=\"elementor-widget-container\">\n\t\t\t\t\t<h1 class=\"elementor-heading-title elementor-size-default\">REAL ESTATE SERVICES<\/h1>\t\t\t\t<\/div>\n\t\t\t\t<\/div>\n\t\t\t\t\t<\/div>\n\t\t<\/div>\n\t\t\t\t\t<\/div>\n\t\t<\/section>\n\t\t<div class=\"elementor-element elementor-element-b43b1bf e-flex e-con-boxed e-con e-parent\" data-id=\"b43b1bf\" data-element_type=\"container\" data-settings=\"{&quot;background_background&quot;:&quot;classic&quot;}\">\n\t\t\t\t\t<div class=\"e-con-inner\">\n\t\t<div class=\"elementor-element elementor-element-15b3928 e-con-full e-flex e-con e-child\" data-id=\"15b3928\" data-element_type=\"container\">\n\t\t\t\t<\/div>\n\t\t<div class=\"elementor-element elementor-element-ea23349 e-con-full e-flex e-con e-child\" data-id=\"ea23349\" data-element_type=\"container\">\n\t\t\t\t<div class=\"elementor-element elementor-element-e75febc elementor-widget elementor-widget-text-editor\" data-id=\"e75febc\" data-element_type=\"widget\" data-widget_type=\"text-editor.default\">\n\t\t\t\t<div class=\"elementor-widget-container\">\n\t\t\t\t\t\t\t\t\t<p><span style=\"font-family: tahoma, arial, helvetica, sans-serif; font-size: 18pt; color: #3e94b7;\">real estate services<\/span><\/p><p><span style=\"font-family: tahoma, arial, helvetica, sans-serif; color: #000000;\">At L&#039;AGENCE we are independent professionals in the real estate sector and we also offer construction, rehabilitation and comprehensive reform services.<\/span><\/p><p><span style=\"font-family: tahoma, arial, helvetica, sans-serif; color: #000000;\">Architects, engineers, interior designers and project managers with many years of experience, through this union, we achieve the strength and confidence to achieve a maximum degree of quality, creativity and adaptation to the needs required by the client.<\/span><\/p><p><span style=\"font-family: tahoma, arial, helvetica, sans-serif; color: #000000;\">Our team speaks Spanish, French and English.<\/span><\/p>\t\t\t\t\t\t\t\t<\/div>\n\t\t\t\t<\/div>\n\t\t\t\t<\/div>\n\t\t\t\t\t<\/div>\n\t\t\t\t<\/div>\n\t\t\t\t<section class=\"elementor-section elementor-top-section elementor-element elementor-element-aa90027 elementor-section-boxed elementor-section-height-default elementor-section-height-default\" data-id=\"aa90027\" data-element_type=\"section\">\n\t\t\t\t\t\t<div class=\"elementor-container elementor-column-gap-default\">\n\t\t\t\t\t<div class=\"elementor-column elementor-col-100 elementor-top-column elementor-element elementor-element-d9510a2\" data-id=\"d9510a2\" data-element_type=\"column\">\n\t\t\t<div class=\"elementor-widget-wrap elementor-element-populated\">\n\t\t\t\t\t\t<div class=\"elementor-element elementor-element-6dc2956 elementor-align-center elementor-widget elementor-widget-button\" data-id=\"6dc2956\" data-element_type=\"widget\" data-widget_type=\"button.default\">\n\t\t\t\t<div class=\"elementor-widget-container\">\n\t\t\t\t\t\t\t\t\t<div class=\"elementor-button-wrapper\">\n\t\t\t\t\t<a class=\"elementor-button elementor-button-link elementor-size-sm\" href=\"https:\/\/lagenceimmoespagne.com\/en\/contacto\/\">\n\t\t\t\t\t\t<span class=\"elementor-button-content-wrapper\">\n\t\t\t\t\t\t\t\t\t<span class=\"elementor-button-text\">Ask for information<\/span>\n\t\t\t\t\t<\/span>\n\t\t\t\t\t<\/a>\n\t\t\t\t<\/div>\n\t\t\t\t\t\t\t\t<\/div>\n\t\t\t\t<\/div>\n\t\t\t\t\t<\/div>\n\t\t<\/div>\n\t\t\t\t\t<\/div>\n\t\t<\/section>\n\t\t<div class=\"elementor-element elementor-element-a13c092 e-flex e-con-boxed e-con e-parent\" data-id=\"a13c092\" data-element_type=\"container\">\n\t\t\t\t\t<div class=\"e-con-inner\">\n\t\t\t\t<div class=\"elementor-element elementor-element-87689ab elementor-widget elementor-widget-spacer\" data-id=\"87689ab\" data-element_type=\"widget\" data-widget_type=\"spacer.default\">\n\t\t\t\t<div class=\"elementor-widget-container\">\n\t\t\t\t\t\t\t<div class=\"elementor-spacer\">\n\t\t\t<div class=\"elementor-spacer-inner\"><\/div>\n\t\t<\/div>\n\t\t\t\t\t\t<\/div>\n\t\t\t\t<\/div>\n\t\t\t\t\t<\/div>\n\t\t\t\t<\/div>\n\t\t<div class=\"elementor-element elementor-element-bb90287 e-flex e-con-boxed e-con e-parent\" data-id=\"bb90287\" data-element_type=\"container\" data-settings=\"{&quot;background_background&quot;:&quot;classic&quot;}\">\n\t\t\t\t\t<div class=\"e-con-inner\">\n\t\t<div class=\"elementor-element elementor-element-5aa1770 e-con-full e-flex e-con e-child\" data-id=\"5aa1770\" data-element_type=\"container\" data-settings=\"{&quot;background_background&quot;:&quot;classic&quot;}\">\n\t\t\t\t<div class=\"elementor-element elementor-element-0a23cdd elementor-widget elementor-widget-text-editor\" data-id=\"0a23cdd\" data-element_type=\"widget\" data-widget_type=\"text-editor.default\">\n\t\t\t\t<div class=\"elementor-widget-container\">\n\t\t\t\t\t\t\t\t\t<p style=\"text-align: center;\"><span style=\"font-size: 18pt; font-family: tahoma, arial, helvetica, sans-serif;\"><span style=\"color: #000000;\">Buy<\/span><\/span><\/p><p style=\"text-align: center;\"><span style=\"font-family: tahoma, arial, helvetica, sans-serif;\"><span style=\"color: #3e94b7;\"><strong>Be accompanied during every step of your purchase <br \/>property in Spain<\/strong><\/span><\/span><\/p><ul><li><span style=\"font-family: tahoma, arial, helvetica, sans-serif;\">Search all available offer<\/span><\/li><li><span style=\"font-family: tahoma, arial, helvetica, sans-serif;\">Accompaniment to visits<\/span><\/li><li><span style=\"font-family: tahoma, arial, helvetica, sans-serif;\">Legal property checks<\/span><\/li><li><span style=\"font-family: tahoma, arial, helvetica, sans-serif;\">Support in administrative procedures related to the purchase<\/span><\/li><li><span style=\"font-family: tahoma, arial, helvetica, sans-serif;\">Accompaniment until the signing of the authentic deed of<br \/>purchase and sale before a notary<\/span><\/li><\/ul>\t\t\t\t\t\t\t\t<\/div>\n\t\t\t\t<\/div>\n\t\t\t\t<\/div>\n\t\t<div class=\"elementor-element elementor-element-61c27c6 e-con-full e-flex e-con e-child\" data-id=\"61c27c6\" data-element_type=\"container\">\n\t\t\t\t<\/div>\n\t\t\t\t\t<\/div>\n\t\t\t\t<\/div>\n\t\t<div class=\"elementor-element elementor-element-002d1d4 e-flex e-con-boxed e-con e-parent\" data-id=\"002d1d4\" data-element_type=\"container\">\n\t\t\t\t\t<div class=\"e-con-inner\">\n\t\t\t\t<div class=\"elementor-element elementor-element-5fde739 elementor-widget elementor-widget-spacer\" data-id=\"5fde739\" data-element_type=\"widget\" data-widget_type=\"spacer.default\">\n\t\t\t\t<div class=\"elementor-widget-container\">\n\t\t\t\t\t\t\t<div class=\"elementor-spacer\">\n\t\t\t<div class=\"elementor-spacer-inner\"><\/div>\n\t\t<\/div>\n\t\t\t\t\t\t<\/div>\n\t\t\t\t<\/div>\n\t\t\t\t\t<\/div>\n\t\t\t\t<\/div>\n\t\t<div class=\"elementor-element elementor-element-6c3ed30 e-flex e-con-boxed e-con e-parent\" data-id=\"6c3ed30\" data-element_type=\"container\" data-settings=\"{&quot;background_background&quot;:&quot;classic&quot;}\">\n\t\t\t\t\t<div class=\"e-con-inner\">\n\t\t<div class=\"elementor-element elementor-element-323092a e-con-full e-flex e-con e-child\" data-id=\"323092a\" data-element_type=\"container\">\n\t\t\t\t<\/div>\n\t\t<div class=\"elementor-element elementor-element-27d2c0f e-con-full e-flex e-con e-child\" data-id=\"27d2c0f\" data-element_type=\"container\" data-settings=\"{&quot;background_background&quot;:&quot;classic&quot;}\">\n\t\t\t\t<div class=\"elementor-element elementor-element-ce521ba elementor-widget elementor-widget-text-editor\" data-id=\"ce521ba\" data-element_type=\"widget\" data-widget_type=\"text-editor.default\">\n\t\t\t\t<div class=\"elementor-widget-container\">\n\t\t\t\t\t\t\t\t\t<p style=\"text-align: center;\"><span style=\"font-family: tahoma, arial, helvetica, sans-serif; font-size: 18pt; color: #000000;\">Sell<\/span><\/p><div id=\"p992158215671136_absfill\" class=\"absoluteFill\" style=\"text-align: center;\"><span style=\"color: #3e94b7;\"><strong><span style=\"font-family: tahoma, arial, helvetica, sans-serif;\">Trust us with the sale of your house\/apartment in Spain<\/span><\/strong><\/span><\/div><div>\u00a0<\/div><div><ul><li><span style=\"font-family: tahoma, arial, helvetica, sans-serif;\">Estimation of the value of your property<\/span><\/li><li><span style=\"font-family: tahoma, arial, helvetica, sans-serif;\">Attractive presentation of your house\/apartment (photos, advertisements)<\/span><\/li><li><span style=\"font-family: tahoma, arial, helvetica, sans-serif;\">Organization and carrying out visits<\/span><\/li><li><span style=\"font-family: tahoma, arial, helvetica, sans-serif;\">Writing draft management<\/span><\/li><li><span style=\"font-family: tahoma, arial, helvetica, sans-serif;\">Accompaniment until the signing of the authentic deed of sale before a notary<\/span><\/li><\/ul><\/div>\t\t\t\t\t\t\t\t<\/div>\n\t\t\t\t<\/div>\n\t\t\t\t<\/div>\n\t\t\t\t\t<\/div>\n\t\t\t\t<\/div>\n\t\t<div class=\"elementor-element elementor-element-5ad724d e-flex e-con-boxed e-con e-parent\" data-id=\"5ad724d\" data-element_type=\"container\">\n\t\t\t\t\t<div class=\"e-con-inner\">\n\t\t\t\t<div class=\"elementor-element elementor-element-de3946d elementor-widget elementor-widget-spacer\" data-id=\"de3946d\" data-element_type=\"widget\" data-widget_type=\"spacer.default\">\n\t\t\t\t<div class=\"elementor-widget-container\">\n\t\t\t\t\t\t\t<div class=\"elementor-spacer\">\n\t\t\t<div class=\"elementor-spacer-inner\"><\/div>\n\t\t<\/div>\n\t\t\t\t\t\t<\/div>\n\t\t\t\t<\/div>\n\t\t\t\t\t<\/div>\n\t\t\t\t<\/div>\n\t\t<div class=\"elementor-element elementor-element-572b983 e-flex e-con-boxed e-con e-parent\" data-id=\"572b983\" data-element_type=\"container\" data-settings=\"{&quot;background_background&quot;:&quot;classic&quot;}\">\n\t\t\t\t\t<div class=\"e-con-inner\">\n\t\t<div class=\"elementor-element elementor-element-a69642a e-con-full e-flex e-con e-child\" data-id=\"a69642a\" data-element_type=\"container\" data-settings=\"{&quot;background_background&quot;:&quot;classic&quot;}\">\n\t\t\t\t<div class=\"elementor-element elementor-element-f235220 elementor-widget elementor-widget-text-editor\" data-id=\"f235220\" data-element_type=\"widget\" data-widget_type=\"text-editor.default\">\n\t\t\t\t<div class=\"elementor-widget-container\">\n\t\t\t\t\t\t\t\t\t<p style=\"text-align: center;\"><span style=\"color: #071539; font-family: tahoma, arial, helvetica, sans-serif; font-size: 18pt;\">Construction management<\/span><\/p><p style=\"text-align: center;\"><span style=\"font-family: tahoma, arial, helvetica, sans-serif; color: #3e94b7;\">Delegate the management of your work to us with complete peace of mind<\/span><\/p><ul><li><span style=\"font-family: tahoma, arial, helvetica, sans-serif;\">Budgeting<\/span><\/li><li><span style=\"font-family: tahoma, arial, helvetica, sans-serif;\">Contacts with local service providers<\/span><\/li><li><span style=\"font-family: tahoma, arial, helvetica, sans-serif;\">Monitoring the progress of the work, respect for specifications and deadlines<\/span><\/li><li><span style=\"font-family: tahoma, arial, helvetica, sans-serif;\">Photos and videos of the work, weekly\u00a0<\/span><\/li><li><span style=\"font-family: tahoma, arial, helvetica, sans-serif;\">Accompaniment until the total completion of the work<\/span><\/li><\/ul>\t\t\t\t\t\t\t\t<\/div>\n\t\t\t\t<\/div>\n\t\t\t\t<\/div>\n\t\t<div class=\"elementor-element elementor-element-0fd68cb e-con-full e-flex e-con e-child\" data-id=\"0fd68cb\" data-element_type=\"container\">\n\t\t\t\t<\/div>\n\t\t\t\t\t<\/div>\n\t\t\t\t<\/div>\n\t\t<div class=\"elementor-element elementor-element-ee28549 e-flex e-con-boxed e-con e-parent\" data-id=\"ee28549\" data-element_type=\"container\">\n\t\t\t\t\t<div class=\"e-con-inner\">\n\t\t\t\t<div class=\"elementor-element elementor-element-b811752 elementor-widget elementor-widget-spacer\" data-id=\"b811752\" data-element_type=\"widget\" data-widget_type=\"spacer.default\">\n\t\t\t\t<div class=\"elementor-widget-container\">\n\t\t\t\t\t\t\t<div class=\"elementor-spacer\">\n\t\t\t<div class=\"elementor-spacer-inner\"><\/div>\n\t\t<\/div>\n\t\t\t\t\t\t<\/div>\n\t\t\t\t<\/div>\n\t\t\t\t\t<\/div>\n\t\t\t\t<\/div>\n\t\t<div class=\"elementor-element elementor-element-08c79d0 e-flex e-con-boxed e-con e-parent\" data-id=\"08c79d0\" data-element_type=\"container\" data-settings=\"{&quot;background_background&quot;:&quot;classic&quot;}\">\n\t\t\t\t\t<div class=\"e-con-inner\">\n\t\t<div class=\"elementor-element elementor-element-e556258 e-con-full e-flex e-con e-child\" data-id=\"e556258\" data-element_type=\"container\">\n\t\t\t\t<\/div>\n\t\t<div class=\"elementor-element elementor-element-1005e7f e-con-full e-flex e-con e-child\" data-id=\"1005e7f\" data-element_type=\"container\" data-settings=\"{&quot;background_background&quot;:&quot;classic&quot;}\">\n\t\t\t\t<div class=\"elementor-element elementor-element-75d6f30 elementor-widget elementor-widget-text-editor\" data-id=\"75d6f30\" data-element_type=\"widget\" data-widget_type=\"text-editor.default\">\n\t\t\t\t<div class=\"elementor-widget-container\">\n\t\t\t\t\t\t\t\t\t<p style=\"text-align: center;\"><span style=\"font-size: 18pt; font-family: tahoma, arial, helvetica, sans-serif; color: #000000;\">Seasonal or tourist rental<\/span><\/p><p style=\"text-align: center;\"><span style=\"font-family: tahoma, arial, helvetica, sans-serif; color: #3e94b7;\">Entrust us with the management of the seasonal rental of your accommodation and make your property profitable<\/span><\/p><ul><li><span style=\"font-family: tahoma, arial, helvetica, sans-serif;\">Highlighting your house or apartment (photos, ads)<\/span><\/li><li><span style=\"font-family: tahoma, arial, helvetica, sans-serif;\">Processing of information requests<\/span><\/li><li><span style=\"font-family: tahoma, arial, helvetica, sans-serif;\">Rental reservation management<\/span><\/li><li><span style=\"font-family: tahoma, arial, helvetica, sans-serif;\">Drafting of the rental contract and conditions (deposit, arrival time, etc.)<\/span><\/li><li><span style=\"font-family: tahoma, arial, helvetica, sans-serif;\">Reception of tenants (check-in\/check-out) and cleaning management<\/span><\/li><\/ul>\t\t\t\t\t\t\t\t<\/div>\n\t\t\t\t<\/div>\n\t\t\t\t<\/div>\n\t\t\t\t\t<\/div>\n\t\t\t\t<\/div>\n\t\t\t\t<\/div>","protected":false},"excerpt":{"rendered":"<p>SERVICIOS INMOBILIARIOS Servicios inmobiliarios En L\u2019AGENCE somos profesionales independientes del sector inmobiliario y tambi\u00e9n ofrecemos los servicios de construcci\u00f3n, rehabilitaci\u00f3n y reforma integral. Arquitectos, ingenieros, dise\u00f1adores interioristas y project managers con muchos a\u00f1os de experiencia conseguimos con esta uni\u00f3n, la fuerza y confianza para alcanzar un grado m\u00e1ximo de calidad, creatividad y adaptaci\u00f3n a las necesidades requeridas por el cliente. Nuestro equipo habla espa\u00f1ol, &#8230;<\/p>","protected":false},"author":2,"featured_media":0,"parent":0,"menu_order":0,"comment_status":"closed","ping_status":"closed","template":"","meta":{"footnotes":""},"class_list":["post-19945","page","type-page","status-publish","hentry"],"yoast_head":"<!-- This site is optimized with the Yoast SEO plugin v26.5 - https:\/\/yoast.com\/wordpress\/plugins\/seo\/ -->\n<title>Servicios - L\u2019AGENCE AGENCE INMOBILIERE<\/title>\n<meta name=\"robots\" content=\"index, follow, max-snippet:-1, max-image-preview:large, max-video-preview:-1\" \/>\n<link rel=\"canonical\" href=\"https:\/\/lagenceimmoespagne.com\/en\/servicios\/\" \/>\n<meta property=\"og:locale\" content=\"en_GB\" \/>\n<meta property=\"og:type\" content=\"article\" \/>\n<meta property=\"og:title\" content=\"Servicios - L\u2019AGENCE AGENCE INMOBILIERE\" \/>\n<meta property=\"og:description\" content=\"SERVICIOS INMOBILIARIOS Servicios inmobiliarios En L\u2019AGENCE somos profesionales independientes del sector inmobiliario y tambi\u00e9n ofrecemos los servicios de construcci\u00f3n, rehabilitaci\u00f3n y reforma integral. Arquitectos, ingenieros, dise\u00f1adores interioristas y project managers con muchos a\u00f1os de experiencia conseguimos con esta uni\u00f3n, la fuerza y confianza para alcanzar un grado m\u00e1ximo de calidad, creatividad y adaptaci\u00f3n a las necesidades requeridas por el cliente. Nuestro equipo habla espa\u00f1ol, ...\" \/>\n<meta property=\"og:url\" content=\"https:\/\/lagenceimmoespagne.com\/en\/servicios\/\" \/>\n<meta property=\"og:site_name\" content=\"L\u2019AGENCE AGENCE INMOBILIERE\" \/>\n<meta property=\"article:modified_time\" content=\"2024-01-02T10:40:22+00:00\" \/>\n<meta name=\"twitter:card\" content=\"summary_large_image\" \/>\n<meta name=\"twitter:label1\" content=\"Est. reading time\" \/>\n\t<meta name=\"twitter:data1\" content=\"2 minutes\" \/>\n<script type=\"application\/ld+json\" class=\"yoast-schema-graph\">{\"@context\":\"https:\/\/schema.org\",\"@graph\":[{\"@type\":\"WebPage\",\"@id\":\"https:\/\/lagenceimmoespagne.com\/servicios\/\",\"url\":\"https:\/\/lagenceimmoespagne.com\/servicios\/\",\"name\":\"Servicios - L\u2019AGENCE AGENCE INMOBILIERE\",\"isPartOf\":{\"@id\":\"https:\/\/lagenceimmoespagne.com\/#website\"},\"datePublished\":\"2023-05-04T06:12:28+00:00\",\"dateModified\":\"2024-01-02T10:40:22+00:00\",\"breadcrumb\":{\"@id\":\"https:\/\/lagenceimmoespagne.com\/servicios\/#breadcrumb\"},\"inLanguage\":\"en-GB\",\"potentialAction\":[{\"@type\":\"ReadAction\",\"target\":[\"https:\/\/lagenceimmoespagne.com\/servicios\/\"]}]},{\"@type\":\"BreadcrumbList\",\"@id\":\"https:\/\/lagenceimmoespagne.com\/servicios\/#breadcrumb\",\"itemListElement\":[{\"@type\":\"ListItem\",\"position\":1,\"name\":\"Portada\",\"item\":\"https:\/\/lagenceimmoespagne.com\/\"},{\"@type\":\"ListItem\",\"position\":2,\"name\":\"Servicios\"}]},{\"@type\":\"WebSite\",\"@id\":\"https:\/\/lagenceimmoespagne.com\/#website\",\"url\":\"https:\/\/lagenceimmoespagne.com\/\",\"name\":\"L\u2019AGENCE AGENCE INMOBILIERE\",\"description\":\"\",\"potentialAction\":[{\"@type\":\"SearchAction\",\"target\":{\"@type\":\"EntryPoint\",\"urlTemplate\":\"https:\/\/lagenceimmoespagne.com\/?s={search_term_string}\"},\"query-input\":{\"@type\":\"PropertyValueSpecification\",\"valueRequired\":true,\"valueName\":\"search_term_string\"}}],\"inLanguage\":\"en-GB\"}]}<\/script>\n<!-- \/ Yoast SEO plugin. -->","yoast_head_json":{"title":"Servicios - L\u2019AGENCE AGENCE INMOBILIERE","robots":{"index":"index","follow":"follow","max-snippet":"max-snippet:-1","max-image-preview":"max-image-preview:large","max-video-preview":"max-video-preview:-1"},"canonical":"https:\/\/lagenceimmoespagne.com\/en\/servicios\/","og_locale":"en_GB","og_type":"article","og_title":"Servicios - L\u2019AGENCE AGENCE INMOBILIERE","og_description":"SERVICIOS INMOBILIARIOS Servicios inmobiliarios En L\u2019AGENCE somos profesionales independientes del sector inmobiliario y tambi\u00e9n ofrecemos los servicios de construcci\u00f3n, rehabilitaci\u00f3n y reforma integral. Arquitectos, ingenieros, dise\u00f1adores interioristas y project managers con muchos a\u00f1os de experiencia conseguimos con esta uni\u00f3n, la fuerza y confianza para alcanzar un grado m\u00e1ximo de calidad, creatividad y adaptaci\u00f3n a las necesidades requeridas por el cliente. Nuestro equipo habla espa\u00f1ol, ...","og_url":"https:\/\/lagenceimmoespagne.com\/en\/servicios\/","og_site_name":"L\u2019AGENCE AGENCE INMOBILIERE","article_modified_time":"2024-01-02T10:40:22+00:00","twitter_card":"summary_large_image","twitter_misc":{"Est. reading time":"2 minutes"},"schema":{"@context":"https:\/\/schema.org","@graph":[{"@type":"WebPage","@id":"https:\/\/lagenceimmoespagne.com\/servicios\/","url":"https:\/\/lagenceimmoespagne.com\/servicios\/","name":"Servicios - L\u2019AGENCE AGENCE INMOBILIERE","isPartOf":{"@id":"https:\/\/lagenceimmoespagne.com\/#website"},"datePublished":"2023-05-04T06:12:28+00:00","dateModified":"2024-01-02T10:40:22+00:00","breadcrumb":{"@id":"https:\/\/lagenceimmoespagne.com\/servicios\/#breadcrumb"},"inLanguage":"en-GB","potentialAction":[{"@type":"ReadAction","target":["https:\/\/lagenceimmoespagne.com\/servicios\/"]}]},{"@type":"BreadcrumbList","@id":"https:\/\/lagenceimmoespagne.com\/servicios\/#breadcrumb","itemListElement":[{"@type":"ListItem","position":1,"name":"Portada","item":"https:\/\/lagenceimmoespagne.com\/"},{"@type":"ListItem","position":2,"name":"Servicios"}]},{"@type":"WebSite","@id":"https:\/\/lagenceimmoespagne.com\/#website","url":"https:\/\/lagenceimmoespagne.com\/","name":"L&#039;AGENCE AGENCE REAL ESTATE","description":"","potentialAction":[{"@type":"SearchAction","target":{"@type":"EntryPoint","urlTemplate":"https:\/\/lagenceimmoespagne.com\/?s={search_term_string}"},"query-input":{"@type":"PropertyValueSpecification","valueRequired":true,"valueName":"search_term_string"}}],"inLanguage":"en-GB"}]}},"_links":{"self":[{"href":"https:\/\/lagenceimmoespagne.com\/en\/wp-json\/wp\/v2\/pages\/19945","targetHints":{"allow":["GET"]}}],"collection":[{"href":"https:\/\/lagenceimmoespagne.com\/en\/wp-json\/wp\/v2\/pages"}],"about":[{"href":"https:\/\/lagenceimmoespagne.com\/en\/wp-json\/wp\/v2\/types\/page"}],"author":[{"embeddable":true,"href":"https:\/\/lagenceimmoespagne.com\/en\/wp-json\/wp\/v2\/users\/2"}],"replies":[{"embeddable":true,"href":"https:\/\/lagenceimmoespagne.com\/en\/wp-json\/wp\/v2\/comments?post=19945"}],"version-history":[{"count":0,"href":"https:\/\/lagenceimmoespagne.com\/en\/wp-json\/wp\/v2\/pages\/19945\/revisions"}],"wp:attachment":[{"href":"https:\/\/lagenceimmoespagne.com\/en\/wp-json\/wp\/v2\/media?parent=19945"}],"curies":[{"name":"wp","href":"https:\/\/api.w.org\/{rel}","templated":true}]}}